{"id":1981,"date":"2024-09-06T08:26:58","date_gmt":"2024-09-06T06:26:58","guid":{"rendered":"https:\/\/travelairs.de\/?page_id=1981"},"modified":"2025-04-29T09:57:21","modified_gmt":"2025-04-29T07:57:21","slug":"unser-equipment","status":"publish","type":"page","link":"https:\/\/backup.travelairs.de\/en\/unser-equipment\/","title":{"rendered":"Unser Equipment"},"content":{"rendered":"<div data-elementor-type=\"wp-page\" data-elementor-id=\"1981\" class=\"elementor elementor-1981\">\n\t\t\t\t\t\t<section class=\"elementor-section elementor-top-section elementor-element elementor-element-467a6211 elementor-section-content-middle elementor-section-boxed elementor-section-height-default elementor-section-height-default wpr-particle-no wpr-jarallax-no wpr-parallax-no wpr-sticky-section-no\" data-id=\"467a6211\" data-element_type=\"section\">\n\t\t\t\t\t\t<div class=\"elementor-container elementor-column-gap-no\">\n\t\t\t\t\t<div class=\"elementor-column elementor-col-100 elementor-top-column elementor-element elementor-element-3bcc6057\" data-id=\"3bcc6057\" data-element_type=\"column\">\n\t\t\t<div class=\"elementor-widget-wrap elementor-element-populated\">\n\t\t\t\t\t\t<div class=\"elementor-element elementor-element-5559c6f elementor-widget elementor-widget-image\" data-id=\"5559c6f\" data-element_type=\"widget\" data-widget_type=\"image.default\">\n\t\t\t\t<div class=\"elementor-widget-container\">\n\t\t\t\t\t\t\t\t\t\t\t\t\t\t\t<img fetchpriority=\"high\" decoding=\"async\" width=\"592\" height=\"353\" src=\"https:\/\/backup.travelairs.de\/wp-content\/uploads\/2024\/09\/equipment-notfall.jpg\" class=\"attachment-large size-large wp-image-2164\" alt=\"\" srcset=\"https:\/\/backup.travelairs.de\/wp-content\/uploads\/2024\/09\/equipment-notfall.jpg 1000w, https:\/\/backup.travelairs.de\/wp-content\/uploads\/2024\/09\/equipment-notfall-300x179.jpg 300w, https:\/\/backup.travelairs.de\/wp-content\/uploads\/2024\/09\/equipment-notfall-768x458.jpg 768w, https:\/\/backup.travelairs.de\/wp-content\/uploads\/2024\/09\/equipment-notfall-60x36.jpg 60w, https:\/\/backup.travelairs.de\/wp-content\/uploads\/2024\/09\/equipment-notfall-980x584.jpg 980w, https:\/\/backup.travelairs.de\/wp-content\/uploads\/2024\/09\/equipment-notfall-700x417.jpg 700w\" sizes=\"(max-width: 592px) 100vw, 592px\" \/>\t\t\t\t\t\t\t\t\t\t\t\t\t\t\t<\/div>\n\t\t\t\t<\/div>\n\t\t\t\t<div class=\"elementor-element elementor-element-1c16cb14 elementor-widget elementor-widget-heading\" data-id=\"1c16cb14\" data-element_type=\"widget\" data-widget_type=\"heading.default\">\n\t\t\t\t<div class=\"elementor-widget-container\">\n\t\t\t\t\t<h4 class=\"elementor-heading-title elementor-size-default\">Unser Equipment<\/h4>\t\t\t\t<\/div>\n\t\t\t\t<\/div>\n\t\t\t\t<div class=\"elementor-element elementor-element-7f9641d5 elementor-widget elementor-widget-text-editor\" data-id=\"7f9641d5\" data-element_type=\"widget\" data-widget_type=\"text-editor.default\">\n\t\t\t\t<div class=\"elementor-widget-container\">\n\t\t\t\t\t\t\t\t\tGerne vermieten wir Euch unsere Ausr\u00fcstung, sofern wir diese unterj\u00e4hrig nicht nutzen.\t\t\t\t\t\t\t\t<\/div>\n\t\t\t\t<\/div>\n\t\t\t\t<section class=\"elementor-section elementor-inner-section elementor-element elementor-element-155bd062 elementor-section-boxed elementor-section-height-default elementor-section-height-default wpr-particle-no wpr-jarallax-no wpr-parallax-no wpr-sticky-section-no\" data-id=\"155bd062\" data-element_type=\"section\">\n\t\t\t\t\t\t<div class=\"elementor-container elementor-column-gap-default\">\n\t\t\t\t\t<div class=\"elementor-column elementor-col-50 elementor-inner-column elementor-element elementor-element-7b3611ff\" data-id=\"7b3611ff\" data-element_type=\"column\">\n\t\t\t<div class=\"elementor-widget-wrap elementor-element-populated\">\n\t\t\t\t\t\t<div class=\"elementor-element elementor-element-11809023 elementor-vertical-align-middle elementor-widget elementor-widget-image-box\" data-id=\"11809023\" data-element_type=\"widget\" data-widget_type=\"image-box.default\">\n\t\t\t\t<div class=\"elementor-widget-container\">\n\t\t\t\t\t<div class=\"elementor-image-box-wrapper\"><div class=\"elementor-image-box-content\"><h3 class=\"elementor-image-box-title\">Rettungsinsel<\/h3><p class=\"elementor-image-box-description\">Bei weiteren Distanzen<\/p><\/div><\/div>\t\t\t\t<\/div>\n\t\t\t\t<\/div>\n\t\t\t\t<div class=\"elementor-element elementor-element-4b6a2d4f elementor-widget elementor-widget-text-editor\" data-id=\"4b6a2d4f\" data-element_type=\"widget\" data-widget_type=\"text-editor.default\">\n\t\t\t\t<div class=\"elementor-widget-container\">\n\t\t\t\t\t\t\t\t\t<p>F\u00fcr das Fliegen \u00fcber Wasser sind Rettungswesten grunds\u00e4tzlich Pflicht, wenn man au\u00dferhalb des Gleitdistanz \u00fcber Wasser fliegt. Bei gr\u00f6\u00dferen Distanzen ist sogar das Mitf\u00fchren einer Rettungsinsel Pflicht. Niemand m\u00f6chte, dass der Fall eintritt, aber im Falle eines Falles m\u00f6chte jeder, dass eine Rettungsinsel dabei ist.<br \/>Bei TravelAirs k\u00f6nnen Sie eine entsprechende Rettungsinsel f\u00fcr Ihren Flug mieten.<\/p><p><strong>Preise<\/strong><br \/>1. Woche (pauschal): 69 \u20ac zzgl. Mwst.<br \/>Jeder weitere Tag: 10,00 \u20ac zzgl. Mwst.<\/p><p>Der Artikel kann bei uns abgeholt oder zugesandt werden.<br \/>Versandkosten tr\u00e4gt der Mieter.<br \/>Im Voraus ist eine Kaution des Kaufpreises der Leihartikel, zahlbar per PayPal oder Vorkasse, erforderlich.<\/p><p>Eine fr\u00fchzeitige Mitteilung der Mietw\u00fcnsche wird empfohlen.<\/p><p>Bitte beachten: Die Laufzeit f\u00fcr Versand und R\u00fccklieferung der Rettungsinsel wird zu den angegebenen Kosten f\u00fcr die Miete mitberechnet.<\/p>\t\t\t\t\t\t\t\t<\/div>\n\t\t\t\t<\/div>\n\t\t\t\t\t<\/div>\n\t\t<\/div>\n\t\t\t\t<div class=\"elementor-column elementor-col-50 elementor-inner-column elementor-element elementor-element-243c2ab\" data-id=\"243c2ab\" data-element_type=\"column\">\n\t\t\t<div class=\"elementor-widget-wrap elementor-element-populated\">\n\t\t\t\t\t\t<div class=\"elementor-element elementor-element-3ce0b48c elementor-vertical-align-middle elementor-widget elementor-widget-image-box\" data-id=\"3ce0b48c\" data-element_type=\"widget\" data-widget_type=\"image-box.default\">\n\t\t\t\t<div class=\"elementor-widget-container\">\n\t\t\t\t\t<div class=\"elementor-image-box-wrapper\"><div class=\"elementor-image-box-content\"><h3 class=\"elementor-image-box-title\">Notfallsender (PLB)<\/h3><p class=\"elementor-image-box-description\">Im Ernstfall Hilfreich<\/p><\/div><\/div>\t\t\t\t<\/div>\n\t\t\t\t<\/div>\n\t\t\t\t<div class=\"elementor-element elementor-element-39c5ec31 elementor-widget elementor-widget-text-editor\" data-id=\"39c5ec31\" data-element_type=\"widget\" data-widget_type=\"text-editor.default\">\n\t\t\t\t<div class=\"elementor-widget-container\">\n\t\t\t\t\t\t\t\t\t<p>Einmal im Wasser gelandet, ist das Rettungssignal des ELT in der Maschine evtl. schnell untergangen und weg. Die Passagiere driften mit der Rettungsinsel im Meer ab, Handyempfang gibt es ohnehin auf offenem Meer nicht. Mit einem Notfallsender \/ Personal Locator Beacon (PLB) wird aus der Hand ein Notsignal an einen Satelliten geschickt. Die Rettungskr\u00e4fte wissen, wo Sie sind.<\/p>\n<p><strong>Preise<\/strong> <br>1. Woche (pauschal): 35 \u20ac zzgl. Mwst.<br>Jeder weitere Tag: 5,00 \u20ac zzgl. Mwst.<\/p>\n<p>Der Artikel kann bei uns abgeholt oder zugesandt werden.<br>Versandkosten tr\u00e4gt der Mieter.<br>Im Voraus ist eine Kaution des Kaufpreises der Leihartikel, zahlbar per PayPal oder Vorkasse, erforderlich.<\/p>\n<p>Eine fr\u00fchzeitige Mitteilung der Mietw\u00fcnsche wird empfohlen.<\/p>\n<p>Bitte beachten: Die Laufzeit f\u00fcr Versand und R\u00fccklieferung der Rettungsinsel wird zu den angegebenen Kosten f\u00fcr die Miete mitberechnet.\u2003<\/p>\t\t\t\t\t\t\t\t<\/div>\n\t\t\t\t<\/div>\n\t\t\t\t\t<\/div>\n\t\t<\/div>\n\t\t\t\t\t<\/div>\n\t\t<\/section>\n\t\t\t\t<section class=\"elementor-section elementor-inner-section elementor-element elementor-element-1ce3d6e9 elementor-section-boxed elementor-section-height-default elementor-section-height-default wpr-particle-no wpr-jarallax-no wpr-parallax-no wpr-sticky-section-no\" data-id=\"1ce3d6e9\" data-element_type=\"section\">\n\t\t\t\t\t\t<div class=\"elementor-container elementor-column-gap-default\">\n\t\t\t\t\t<div class=\"elementor-column elementor-col-100 elementor-inner-column elementor-element elementor-element-ae4d388\" data-id=\"ae4d388\" data-element_type=\"column\">\n\t\t\t<div class=\"elementor-widget-wrap elementor-element-populated\">\n\t\t\t\t\t\t<div class=\"elementor-element elementor-element-31d9255 elementor-widget elementor-widget-heading\" data-id=\"31d9255\" data-element_type=\"widget\" data-widget_type=\"heading.default\">\n\t\t\t\t<div class=\"elementor-widget-container\">\n\t\t\t\t\t<h2 class=\"elementor-heading-title elementor-size-default\">Mietanfragen k\u00f6nnen \u00fcber das Formular an uns gesendet werden<\/h2>\t\t\t\t<\/div>\n\t\t\t\t<\/div>\n\t\t\t\t<div class=\"elementor-element elementor-element-c770e42 elementor-widget elementor-widget-wpforms\" data-id=\"c770e42\" data-element_type=\"widget\" data-widget_type=\"wpforms.default\">\n\t\t\t\t<div class=\"elementor-widget-container\">\n\t\t\t\t\t<div class=\"wpforms-container wpforms-container-full wpforms-render-modern\" id=\"wpforms-284\"><form id=\"wpforms-form-284\" class=\"wpforms-validate wpforms-form wpforms-ajax-form\" data-formid=\"284\" method=\"post\" enctype=\"multipart\/form-data\" action=\"\/en\/wp-json\/wp\/v2\/pages\/1981\" data-token=\"41882e77d4317c59c973f79aa10631bc\" data-token-time=\"1776280048\" data-trp-original-action=\"\/en\/wp-json\/wp\/v2\/pages\/1981\"><noscript class=\"wpforms-error-noscript\">Please enable JavaScript in your browser to complete this form.<\/noscript><div id=\"wpforms-error-noscript\" style=\"display: none;\">Please enable JavaScript in your browser to complete this form.<\/div><div class=\"wpforms-field-container\"><div id=\"wpforms-284-field_0-container\" class=\"wpforms-field wpforms-field-name\" data-field-id=\"0\"><fieldset><legend class=\"wpforms-field-label\">Name <span class=\"wpforms-required-label\" aria-hidden=\"true\">*<\/span><\/legend><div class=\"wpforms-field-row wpforms-field-medium\"><div class=\"wpforms-field-row-block wpforms-first wpforms-one-half\"><input type=\"text\" id=\"wpforms-284-field_0\" class=\"wpforms-field-name-first wpforms-field-required\" name=\"wpforms[fields][0][first]\" aria-errormessage=\"wpforms-284-field_0-error\" required><label for=\"wpforms-284-field_0\" class=\"wpforms-field-sublabel after\">First<\/label><\/div><div class=\"wpforms-field-row-block wpforms-one-half\"><input type=\"text\" id=\"wpforms-284-field_0-last\" class=\"wpforms-field-name-last wpforms-field-required\" name=\"wpforms[fields][0][last]\" aria-errormessage=\"wpforms-284-field_0-last-error\" required><label for=\"wpforms-284-field_0-last\" class=\"wpforms-field-sublabel after\">Last<\/label><\/div><\/div><\/fieldset><\/div><div id=\"wpforms-284-field_1-container\" class=\"wpforms-field wpforms-field-email\" data-field-id=\"1\"><label class=\"wpforms-field-label\" for=\"wpforms-284-field_1\">E-Mail <span class=\"wpforms-required-label\" aria-hidden=\"true\">*<\/span><\/label><input type=\"email\" id=\"wpforms-284-field_1\" class=\"wpforms-field-medium wpforms-field-required\" name=\"wpforms[fields][1]\" spellcheck=\"false\" aria-errormessage=\"wpforms-284-field_1-error\" required><\/div><div id=\"wpforms-284-field_4-container\" class=\"wpforms-field wpforms-field-text\" data-field-id=\"4\"><label class=\"wpforms-field-label\" for=\"wpforms-284-field_4\">Telefonnummer <span class=\"wpforms-required-label\" aria-hidden=\"true\">*<\/span><\/label><input type=\"text\" id=\"wpforms-284-field_4\" class=\"wpforms-field-medium wpforms-field-required\" name=\"wpforms[fields][4]\" aria-errormessage=\"wpforms-284-field_4-error\" required><\/div><div id=\"wpforms-284-field_2-container\" class=\"wpforms-field wpforms-field-textarea\" data-field-id=\"2\"><label class=\"wpforms-field-label\" for=\"wpforms-284-field_2\">Kommentar oder Nachricht<\/label><textarea id=\"wpforms-284-field_2\" class=\"wpforms-field-medium\" name=\"wpforms[fields][2]\" aria-errormessage=\"wpforms-284-field_2-error\" ><\/textarea><\/div><\/div><!-- .wpforms-field-container --><div class=\"wpforms-recaptcha-container wpforms-is-hcaptcha\" ><div class=\"h-captcha\" data-sitekey=\"4f58a448-dfd0-4a60-8d1c-06601a2e4a3a\"><\/div><input type=\"text\" name=\"g-recaptcha-hidden\" class=\"wpforms-recaptcha-hidden\" style=\"position:absolute!important;clip:rect(0,0,0,0)!important;height:1px!important;width:1px!important;border:0!important;overflow:hidden!important;padding:0!important;margin:0!important;\" data-rule-hcaptcha=\"1\"><\/div><div class=\"wpforms-submit-container\" ><input type=\"hidden\" name=\"wpforms[id]\" value=\"284\"><input type=\"hidden\" name=\"page_title\" value=\"\"><input type=\"hidden\" name=\"page_url\" value=\"https:\/\/backup.travelairs.de\/en\/wp-json\/wp\/v2\/pages\/1981\"><input type=\"hidden\" name=\"url_referer\" value=\"\"><button type=\"submit\" name=\"wpforms[submit]\" id=\"wpforms-submit-284\" class=\"wpforms-submit\" data-alt-text=\"Senden\u2026\" data-submit-text=\"Absenden\" aria-live=\"assertive\" value=\"wpforms-submit\">Absenden<\/button><img decoding=\"async\" src=\"https:\/\/backup.travelairs.de\/wp-content\/plugins\/wpforms-lite\/assets\/images\/submit-spin.svg\" class=\"wpforms-submit-spinner\" style=\"display: none;\" width=\"26\" height=\"26\" alt=\"Loading\"><\/div><input type=\"hidden\" name=\"trp-form-language\" value=\"en\"\/><\/form><\/div>  <!-- .wpforms-container -->\t\t\t\t<\/div>\n\t\t\t\t<\/div>\n\t\t\t\t\t<\/div>\n\t\t<\/div>\n\t\t\t\t\t<\/div>\n\t\t<\/section>\n\t\t\t\t\t<\/div>\n\t\t<\/div>\n\t\t\t\t\t<\/div>\n\t\t<\/section>\n\t\t\t\t<\/div>","protected":false},"excerpt":{"rendered":"<p>Unser Equipment Gerne vermieten wir Euch unsere Ausr\u00fcstung, sofern wir diese unterj\u00e4hrig nicht nutzen. Rettungsinsel Bei weiteren Distanzen F\u00fcr das Fliegen \u00fcber Wasser sind Rettungswesten grunds\u00e4tzlich Pflicht, wenn man au\u00dferhalb&#8230;<\/p>","protected":false},"author":1,"featured_media":0,"parent":0,"menu_order":0,"comment_status":"closed","ping_status":"closed","template":"","meta":{"pgc_sgb_lightbox_settings":"","footnotes":""},"class_list":["post-1981","page","type-page","status-publish","hentry"],"aioseo_notices":[],"_hostinger_reach_plugin_has_subscription_block":false,"_hostinger_reach_plugin_is_elementor":false,"_links":{"self":[{"href":"https:\/\/backup.travelairs.de\/en\/wp-json\/wp\/v2\/pages\/1981","targetHints":{"allow":["GET"]}}],"collection":[{"href":"https:\/\/backup.travelairs.de\/en\/wp-json\/wp\/v2\/pages"}],"about":[{"href":"https:\/\/backup.travelairs.de\/en\/wp-json\/wp\/v2\/types\/page"}],"author":[{"embeddable":true,"href":"https:\/\/backup.travelairs.de\/en\/wp-json\/wp\/v2\/users\/1"}],"replies":[{"embeddable":true,"href":"https:\/\/backup.travelairs.de\/en\/wp-json\/wp\/v2\/comments?post=1981"}],"version-history":[{"count":34,"href":"https:\/\/backup.travelairs.de\/en\/wp-json\/wp\/v2\/pages\/1981\/revisions"}],"predecessor-version":[{"id":2936,"href":"https:\/\/backup.travelairs.de\/en\/wp-json\/wp\/v2\/pages\/1981\/revisions\/2936"}],"wp:attachment":[{"href":"https:\/\/backup.travelairs.de\/en\/wp-json\/wp\/v2\/media?parent=1981"}],"curies":[{"name":"wp","href":"https:\/\/api.w.org\/{rel}","templated":true}]}}