{"id":1982,"date":"2024-08-29T10:05:50","date_gmt":"2024-08-29T08:05:50","guid":{"rendered":"https:\/\/travelairs.de\/?page_id=1982"},"modified":"2024-09-27T11:14:37","modified_gmt":"2024-09-27T09:14:37","slug":"unsere-flotte-2","status":"publish","type":"page","link":"https:\/\/backup.travelairs.de\/en\/unsere-flotte-2\/","title":{"rendered":"Reisen f\u00fcr Vereine"},"content":{"rendered":"<div data-elementor-type=\"wp-page\" data-elementor-id=\"1982\" class=\"elementor elementor-1982\">\n\t\t\t\t\t\t<section class=\"elementor-section elementor-top-section elementor-element elementor-element-467a6211 elementor-section-content-middle elementor-section-boxed elementor-section-height-default elementor-section-height-default wpr-particle-no wpr-jarallax-no wpr-parallax-no wpr-sticky-section-no\" data-id=\"467a6211\" data-element_type=\"section\">\n\t\t\t\t\t\t<div class=\"elementor-container elementor-column-gap-no\">\n\t\t\t\t\t<div class=\"elementor-column elementor-col-100 elementor-top-column elementor-element elementor-element-3bcc6057\" data-id=\"3bcc6057\" data-element_type=\"column\">\n\t\t\t<div class=\"elementor-widget-wrap elementor-element-populated\">\n\t\t\t\t\t\t<div class=\"elementor-element elementor-element-13447bb elementor-widget elementor-widget-image\" data-id=\"13447bb\" data-element_type=\"widget\" data-widget_type=\"image.default\">\n\t\t\t\t<div class=\"elementor-widget-container\">\n\t\t\t\t\t\t\t\t\t\t\t\t\t\t\t<img fetchpriority=\"high\" decoding=\"async\" width=\"592\" height=\"395\" src=\"https:\/\/backup.travelairs.de\/wp-content\/uploads\/2024\/09\/vereinsreisen.jpg\" class=\"attachment-large size-large wp-image-2168\" alt=\"\" srcset=\"https:\/\/backup.travelairs.de\/wp-content\/uploads\/2024\/09\/vereinsreisen.jpg 1000w, https:\/\/backup.travelairs.de\/wp-content\/uploads\/2024\/09\/vereinsreisen-300x200.jpg 300w, https:\/\/backup.travelairs.de\/wp-content\/uploads\/2024\/09\/vereinsreisen-768x512.jpg 768w, https:\/\/backup.travelairs.de\/wp-content\/uploads\/2024\/09\/vereinsreisen-60x40.jpg 60w, https:\/\/backup.travelairs.de\/wp-content\/uploads\/2024\/09\/vereinsreisen-980x654.jpg 980w, https:\/\/backup.travelairs.de\/wp-content\/uploads\/2024\/09\/vereinsreisen-390x260.jpg 390w, https:\/\/backup.travelairs.de\/wp-content\/uploads\/2024\/09\/vereinsreisen-700x467.jpg 700w\" sizes=\"(max-width: 592px) 100vw, 592px\" \/>\t\t\t\t\t\t\t\t\t\t\t\t\t\t\t<\/div>\n\t\t\t\t<\/div>\n\t\t\t\t<div class=\"elementor-element elementor-element-1c16cb14 elementor-widget elementor-widget-heading\" data-id=\"1c16cb14\" data-element_type=\"widget\" data-widget_type=\"heading.default\">\n\t\t\t\t<div class=\"elementor-widget-container\">\n\t\t\t\t\t<h4 class=\"elementor-heading-title elementor-size-default\">Reisen f\u00fcr Vereine<\/h4>\t\t\t\t<\/div>\n\t\t\t\t<\/div>\n\t\t\t\t<div class=\"elementor-element elementor-element-b694c27 elementor-widget elementor-widget-text-editor\" data-id=\"b694c27\" data-element_type=\"widget\" data-widget_type=\"text-editor.default\">\n\t\t\t\t<div class=\"elementor-widget-container\">\n\t\t\t\t\t\t\t\t\t<p>Wir alle lieben das Fliegen und freuen uns \u00fcber die vielen aktiven Flugvereine, die die Flugpl\u00e4tze unterhalten und den Sport und die Leidenschaft erst erm\u00f6glichen. Gleichzeitig sind in jedem Verein immer weniger helfende H\u00e4nde an Bord. Viele Vereine sehen die Tendenz, dass das Vereinsleben einschl\u00e4ft und die Arbeit an wenigen Freiwilligen h\u00e4ngen bleibt.<\/p><p>Davon unabh\u00e4ngig w\u00fcnscht sich aber jeder ein aktives Vereinsleben und m\u00f6glichst g\u00fcnstige Charterraten. Um dies zu erzielen, ist aber eine hohe Ausnutzung der Vereinsflugzeuge notwendig, um die Charterraten g\u00fcnstig halten zu k\u00f6nnen.<\/p><p>Eine Vereinsreise ist hierzu ideal: Sie fliegen mit Ihren Vereinsmitgliedern in einer Gruppe zu Ihrem Wunschziel\/Ihre Wunschroute. Ihre Flugzeuge sind ausgelastet, Sie haben gemeinsam in der Gruppe Spa\u00df und sind aktiv. Ihr Verein lebt!<\/p><p>Organisiert wird alles von A \u2013 Z von TravelAirs \u2013 Your.Pilot.Adventure , einer unserer Reisebegleiter ist dabei und f\u00fchrt Sie durch die Reise.<\/p><p><br \/>Kontaktieren Sie uns gerne, dann nehmen wir gemeinsam die Planungen auf! <\/p>\t\t\t\t\t\t\t\t<\/div>\n\t\t\t\t<\/div>\n\t\t\t\t<div class=\"elementor-element elementor-element-bb2b958 elementor-widget elementor-widget-heading\" data-id=\"bb2b958\" data-element_type=\"widget\" data-widget_type=\"heading.default\">\n\t\t\t\t<div class=\"elementor-widget-container\">\n\t\t\t\t\t<h2 class=\"elementor-heading-title elementor-size-default\">Einfach eine Nachricht senden - Wir kommen gerne auf Euch zu!<\/h2>\t\t\t\t<\/div>\n\t\t\t\t<\/div>\n\t\t\t\t<div class=\"elementor-element elementor-element-8c8d63d elementor-widget elementor-widget-wpforms\" data-id=\"8c8d63d\" data-element_type=\"widget\" data-widget_type=\"wpforms.default\">\n\t\t\t\t<div class=\"elementor-widget-container\">\n\t\t\t\t\t<div class=\"wpforms-container wpforms-container-full wpforms-render-modern\" id=\"wpforms-284\"><form id=\"wpforms-form-284\" class=\"wpforms-validate wpforms-form wpforms-ajax-form\" data-formid=\"284\" method=\"post\" enctype=\"multipart\/form-data\" action=\"\/en\/wp-json\/wp\/v2\/pages\/1982\" data-token=\"5953582457450ba9b0b530a73b3d657f\" data-token-time=\"1776764657\" data-trp-original-action=\"\/en\/wp-json\/wp\/v2\/pages\/1982\"><noscript class=\"wpforms-error-noscript\">Please enable JavaScript in your browser to complete this form.<\/noscript><div id=\"wpforms-error-noscript\" style=\"display: none;\">Please enable JavaScript in your browser to complete this form.<\/div><div class=\"wpforms-field-container\"><div id=\"wpforms-284-field_0-container\" class=\"wpforms-field wpforms-field-name\" data-field-id=\"0\"><fieldset><legend class=\"wpforms-field-label\">Name <span class=\"wpforms-required-label\" aria-hidden=\"true\">*<\/span><\/legend><div class=\"wpforms-field-row wpforms-field-medium\"><div class=\"wpforms-field-row-block wpforms-first wpforms-one-half\"><input type=\"text\" id=\"wpforms-284-field_0\" class=\"wpforms-field-name-first wpforms-field-required\" name=\"wpforms[fields][0][first]\" aria-errormessage=\"wpforms-284-field_0-error\" required><label for=\"wpforms-284-field_0\" class=\"wpforms-field-sublabel after\">First<\/label><\/div><div class=\"wpforms-field-row-block wpforms-one-half\"><input type=\"text\" id=\"wpforms-284-field_0-last\" class=\"wpforms-field-name-last wpforms-field-required\" name=\"wpforms[fields][0][last]\" aria-errormessage=\"wpforms-284-field_0-last-error\" required><label for=\"wpforms-284-field_0-last\" class=\"wpforms-field-sublabel after\">Last<\/label><\/div><\/div><\/fieldset><\/div><div id=\"wpforms-284-field_1-container\" class=\"wpforms-field wpforms-field-email\" data-field-id=\"1\"><label class=\"wpforms-field-label\" for=\"wpforms-284-field_1\">E-Mail <span class=\"wpforms-required-label\" aria-hidden=\"true\">*<\/span><\/label><input type=\"email\" id=\"wpforms-284-field_1\" class=\"wpforms-field-medium wpforms-field-required\" name=\"wpforms[fields][1]\" spellcheck=\"false\" aria-errormessage=\"wpforms-284-field_1-error\" required><\/div><div id=\"wpforms-284-field_4-container\" class=\"wpforms-field wpforms-field-text\" data-field-id=\"4\"><label class=\"wpforms-field-label\" for=\"wpforms-284-field_4\">Telefonnummer <span class=\"wpforms-required-label\" aria-hidden=\"true\">*<\/span><\/label><input type=\"text\" id=\"wpforms-284-field_4\" class=\"wpforms-field-medium wpforms-field-required\" name=\"wpforms[fields][4]\" aria-errormessage=\"wpforms-284-field_4-error\" required><\/div><div id=\"wpforms-284-field_2-container\" class=\"wpforms-field wpforms-field-textarea\" data-field-id=\"2\"><label class=\"wpforms-field-label\" for=\"wpforms-284-field_2\">Kommentar oder Nachricht<\/label><textarea id=\"wpforms-284-field_2\" class=\"wpforms-field-medium\" name=\"wpforms[fields][2]\" aria-errormessage=\"wpforms-284-field_2-error\" ><\/textarea><\/div><\/div><!-- .wpforms-field-container --><div class=\"wpforms-recaptcha-container wpforms-is-hcaptcha\" ><div class=\"h-captcha\" data-sitekey=\"4f58a448-dfd0-4a60-8d1c-06601a2e4a3a\"><\/div><input type=\"text\" name=\"g-recaptcha-hidden\" class=\"wpforms-recaptcha-hidden\" style=\"position:absolute!important;clip:rect(0,0,0,0)!important;height:1px!important;width:1px!important;border:0!important;overflow:hidden!important;padding:0!important;margin:0!important;\" data-rule-hcaptcha=\"1\"><\/div><div class=\"wpforms-submit-container\" ><input type=\"hidden\" name=\"wpforms[id]\" value=\"284\"><input type=\"hidden\" name=\"page_title\" value=\"\"><input type=\"hidden\" name=\"page_url\" value=\"https:\/\/backup.travelairs.de\/en\/wp-json\/wp\/v2\/pages\/1982\"><input type=\"hidden\" name=\"url_referer\" value=\"\"><button type=\"submit\" name=\"wpforms[submit]\" id=\"wpforms-submit-284\" class=\"wpforms-submit\" data-alt-text=\"Senden\u2026\" data-submit-text=\"Absenden\" aria-live=\"assertive\" value=\"wpforms-submit\">Absenden<\/button><img decoding=\"async\" src=\"https:\/\/backup.travelairs.de\/wp-content\/plugins\/wpforms-lite\/assets\/images\/submit-spin.svg\" class=\"wpforms-submit-spinner\" style=\"display: none;\" width=\"26\" height=\"26\" alt=\"Loading\"><\/div><input type=\"hidden\" name=\"trp-form-language\" value=\"en\"\/><\/form><\/div>  <!-- .wpforms-container -->\t\t\t\t<\/div>\n\t\t\t\t<\/div>\n\t\t\t\t\t<\/div>\n\t\t<\/div>\n\t\t\t\t\t<\/div>\n\t\t<\/section>\n\t\t\t\t<\/div>","protected":false},"excerpt":{"rendered":"<p>Reisen f\u00fcr Vereine Wir alle lieben das Fliegen und freuen uns \u00fcber die vielen aktiven Flugvereine, die die Flugpl\u00e4tze unterhalten und den Sport und die Leidenschaft erst erm\u00f6glichen. Gleichzeitig sind&#8230;<\/p>","protected":false},"author":1,"featured_media":0,"parent":0,"menu_order":0,"comment_status":"closed","ping_status":"closed","template":"","meta":{"pgc_sgb_lightbox_settings":"","footnotes":""},"class_list":["post-1982","page","type-page","status-publish","hentry"],"aioseo_notices":[],"_hostinger_reach_plugin_has_subscription_block":false,"_hostinger_reach_plugin_is_elementor":false,"_links":{"self":[{"href":"https:\/\/backup.travelairs.de\/en\/wp-json\/wp\/v2\/pages\/1982","targetHints":{"allow":["GET"]}}],"collection":[{"href":"https:\/\/backup.travelairs.de\/en\/wp-json\/wp\/v2\/pages"}],"about":[{"href":"https:\/\/backup.travelairs.de\/en\/wp-json\/wp\/v2\/types\/page"}],"author":[{"embeddable":true,"href":"https:\/\/backup.travelairs.de\/en\/wp-json\/wp\/v2\/users\/1"}],"replies":[{"embeddable":true,"href":"https:\/\/backup.travelairs.de\/en\/wp-json\/wp\/v2\/comments?post=1982"}],"version-history":[{"count":19,"href":"https:\/\/backup.travelairs.de\/en\/wp-json\/wp\/v2\/pages\/1982\/revisions"}],"predecessor-version":[{"id":2270,"href":"https:\/\/backup.travelairs.de\/en\/wp-json\/wp\/v2\/pages\/1982\/revisions\/2270"}],"wp:attachment":[{"href":"https:\/\/backup.travelairs.de\/en\/wp-json\/wp\/v2\/media?parent=1982"}],"curies":[{"name":"wp","href":"https:\/\/api.w.org\/{rel}","templated":true}]}}