{"id":2,"date":"2023-04-21T11:41:36","date_gmt":"2023-04-21T09:41:36","guid":{"rendered":"https:\/\/travelairs.de\/?page_id=2"},"modified":"2024-12-16T12:30:22","modified_gmt":"2024-12-16T11:30:22","slug":"uber-uns","status":"publish","type":"page","link":"https:\/\/backup.travelairs.de\/en\/uber-uns\/","title":{"rendered":"\u00dcber uns"},"content":{"rendered":"<div data-elementor-type=\"wp-page\" data-elementor-id=\"2\" class=\"elementor elementor-2\">\n\t\t\t\t\t\t<section class=\"elementor-section elementor-top-section elementor-element elementor-element-5fbf1f6 elementor-section-boxed elementor-section-height-default elementor-section-height-default wpr-particle-no wpr-jarallax-no wpr-parallax-no wpr-sticky-section-no\" data-id=\"5fbf1f6\" data-element_type=\"section\">\n\t\t\t\t\t\t<div class=\"elementor-container elementor-column-gap-default\">\n\t\t\t\t\t<div class=\"elementor-column elementor-col-100 elementor-top-column elementor-element elementor-element-29e97a8\" data-id=\"29e97a8\" data-element_type=\"column\">\n\t\t\t<div class=\"elementor-widget-wrap elementor-element-populated\">\n\t\t\t\t\t\t<div class=\"elementor-element elementor-element-c67f3c3 elementor-widget elementor-widget-heading\" data-id=\"c67f3c3\" data-element_type=\"widget\" data-widget_type=\"heading.default\">\n\t\t\t\t<div class=\"elementor-widget-container\">\n\t\t\t\t\t<h2 class=\"elementor-heading-title elementor-size-default\">WIR SIND TRAVELAIRS<\/h2>\t\t\t\t<\/div>\n\t\t\t\t<\/div>\n\t\t\t\t<div class=\"elementor-element elementor-element-e96578f elementor-widget elementor-widget-text-editor\" data-id=\"e96578f\" data-element_type=\"widget\" data-widget_type=\"text-editor.default\">\n\t\t\t\t<div class=\"elementor-widget-container\">\n\t\t\t\t\t\t\t\t\t<div class=\"at-about__content\"><p>Mit Pilotenschein in der Tasche steht man am Flugplatz und das Fernweh ruft. Die Erfahrung f\u00fcr die Abenteuer fehlen? Man hat keine Lust auf die zum Teil nervenden Vorbereitungen? Die Erfahrung ist da, aber in einer Gruppe gleichgesinnter Piloten ist der Spa\u00df h\u00f6her? Daf\u00fcr sind wir da \u2013 TravelAirs, YOUR.PILOT.ADVENTURE. Die Agentur f\u00fcr VFR-Piloten wurde 2021 ins Leben gerufen, um Piloten zusammenzubringen und gemeinsame Pilotenreisen zu organisieren und durchzuf\u00fchren. Bleibt nur die Frage: bist Du ready for departure?<\/p><\/div>\t\t\t\t\t\t\t\t<\/div>\n\t\t\t\t<\/div>\n\t\t\t\t<div class=\"elementor-element elementor-element-2ae0483 elementor-align-center elementor-widget elementor-widget-button\" data-id=\"2ae0483\" data-element_type=\"widget\" data-widget_type=\"button.default\">\n\t\t\t\t<div class=\"elementor-widget-container\">\n\t\t\t\t\t\t\t\t\t<div class=\"elementor-button-wrapper\">\n\t\t\t\t\t<a class=\"elementor-button elementor-button-link elementor-size-sm\" href=\"\/en\/unser-angebot\/\">\n\t\t\t\t\t\t<span class=\"elementor-button-content-wrapper\">\n\t\t\t\t\t\t\t\t\t<span class=\"elementor-button-text\">Flieg mit uns!<\/span>\n\t\t\t\t\t<\/span>\n\t\t\t\t\t<\/a>\n\t\t\t\t<\/div>\n\t\t\t\t\t\t\t\t<\/div>\n\t\t\t\t<\/div>\n\t\t\t\t\t<\/div>\n\t\t<\/div>\n\t\t\t\t\t<\/div>\n\t\t<\/section>\n\t\t\t\t<section class=\"elementor-section elementor-top-section elementor-element elementor-element-30048005 elementor-section-content-middle elementor-section-boxed elementor-section-height-default elementor-section-height-default wpr-particle-no wpr-jarallax-no wpr-parallax-no wpr-sticky-section-no\" data-id=\"30048005\" data-element_type=\"section\">\n\t\t\t\t\t\t<div class=\"elementor-container elementor-column-gap-no\">\n\t\t\t\t\t<div class=\"elementor-column elementor-col-100 elementor-top-column elementor-element elementor-element-72495570\" data-id=\"72495570\" data-element_type=\"column\">\n\t\t\t<div class=\"elementor-widget-wrap elementor-element-populated\">\n\t\t\t\t\t\t<div class=\"elementor-element elementor-element-346412b elementor-widget elementor-widget-heading\" data-id=\"346412b\" data-element_type=\"widget\" data-widget_type=\"heading.default\">\n\t\t\t\t<div class=\"elementor-widget-container\">\n\t\t\t\t\t<h2 class=\"elementor-heading-title elementor-size-default\">Die Menschen im Team<\/h2>\t\t\t\t<\/div>\n\t\t\t\t<\/div>\n\t\t\t\t<section class=\"elementor-section elementor-inner-section elementor-element elementor-element-61374b7a elementor-section-boxed elementor-section-height-default elementor-section-height-default wpr-particle-no wpr-jarallax-no wpr-parallax-no wpr-sticky-section-no\" data-id=\"61374b7a\" data-element_type=\"section\">\n\t\t\t\t\t\t<div class=\"elementor-container elementor-column-gap-default\">\n\t\t\t\t\t<div class=\"elementor-column elementor-col-50 elementor-inner-column elementor-element elementor-element-5345f4f4\" data-id=\"5345f4f4\" data-element_type=\"column\">\n\t\t\t<div class=\"elementor-widget-wrap elementor-element-populated\">\n\t\t\t\t\t\t<div class=\"elementor-element elementor-element-63a14146 elementor-position-top elementor-widget elementor-widget-image-box\" data-id=\"63a14146\" data-element_type=\"widget\" data-widget_type=\"image-box.default\">\n\t\t\t\t<div class=\"elementor-widget-container\">\n\t\t\t\t\t<div class=\"elementor-image-box-wrapper\"><figure class=\"elementor-image-box-img\"><img fetchpriority=\"high\" decoding=\"async\" width=\"425\" height=\"321\" src=\"https:\/\/backup.travelairs.de\/wp-content\/uploads\/2024\/09\/frank-mucke-2-travelairs.jpg\" class=\"elementor-animation-grow attachment-full size-full wp-image-2137\" alt=\"\" srcset=\"https:\/\/backup.travelairs.de\/wp-content\/uploads\/2024\/09\/frank-mucke-2-travelairs.jpg 425w, https:\/\/backup.travelairs.de\/wp-content\/uploads\/2024\/09\/frank-mucke-2-travelairs-300x227.jpg 300w, https:\/\/backup.travelairs.de\/wp-content\/uploads\/2024\/09\/frank-mucke-2-travelairs-60x45.jpg 60w\" sizes=\"(max-width: 425px) 100vw, 425px\" \/><\/figure><div class=\"elementor-image-box-content\"><h3 class=\"elementor-image-box-title\">Frank Mucke<\/h3><p class=\"elementor-image-box-description\">PILOT, Gesch\u00e4ftsf\u00fchrender Gesellschafter<\/p><\/div><\/div>\t\t\t\t<\/div>\n\t\t\t\t<\/div>\n\t\t\t\t<div class=\"elementor-element elementor-element-510432a6 elementor-widget elementor-widget-text-editor\" data-id=\"510432a6\" data-element_type=\"widget\" data-widget_type=\"text-editor.default\">\n\t\t\t\t<div class=\"elementor-widget-container\">\n\t\t\t\t\t\t\t\t\t<p>Frank, Jahrgang 1968, der sich seine Leidenschaft erst sehr sp\u00e4t erf\u00fcllt hat, ist mittlerweile aus dem Flugzeug nicht mehr herauszubekommen.<\/p><p>\u201eMit Ende 40zig habe ich das Fliegen gelernt, was mich nicht mehr losgelassen hat. Schon immer begeistert von Reisen und Abenteuer, ist das Fliegen ein lang gehegter Traum, der sich mir erf\u00fcllte. Die Welt von oben, das losl\u00f6sen von der Erde, die Leichtigkeit in der Luft\u2026.genau meine Passion. Das erste Flugzeug eine Piper Arrow 4, die mich bis jetzt durch ganz Europa getragen hat. Das Gl\u00fcck in meinem Fluglehrer und anderen Piloten Gleichgesinnte getroffen zu haben und mit Ihnen wundersch\u00f6ne Flugreisen zu machen, m\u00f6chte ich gerne weitertragen.<\/p><p>Mein Highlight ist jedes Mal die wunderbaren Flugabenteuer in den Highlands und den inneren und \u00e4u\u00dferen Hebriden. Das Farbenspiel durch Wolken und Sonne hervorgerufen fasziniert mich jedes Mal von neuem\u201c.<\/p><p>Die n\u00e4chste Herausforderung steht schon im Hangar, eine Boing Stearman 1943. Auch mit Ihr sind Reisen geplant.<\/p>\t\t\t\t\t\t\t\t<\/div>\n\t\t\t\t<\/div>\n\t\t\t\t\t<\/div>\n\t\t<\/div>\n\t\t\t\t<div class=\"elementor-column elementor-col-50 elementor-inner-column elementor-element elementor-element-e73b485\" data-id=\"e73b485\" data-element_type=\"column\">\n\t\t\t<div class=\"elementor-widget-wrap elementor-element-populated\">\n\t\t\t\t\t\t<div class=\"elementor-element elementor-element-3b7c6ef elementor-position-top elementor-widget elementor-widget-image-box\" data-id=\"3b7c6ef\" data-element_type=\"widget\" data-widget_type=\"image-box.default\">\n\t\t\t\t<div class=\"elementor-widget-container\">\n\t\t\t\t\t<div class=\"elementor-image-box-wrapper\"><figure class=\"elementor-image-box-img\"><img decoding=\"async\" width=\"425\" height=\"321\" src=\"https:\/\/backup.travelairs.de\/wp-content\/uploads\/2024\/09\/sascha-maemecke-travelairs-1.jpg\" class=\"elementor-animation-grow attachment-full size-full wp-image-2074\" alt=\"\" srcset=\"https:\/\/backup.travelairs.de\/wp-content\/uploads\/2024\/09\/sascha-maemecke-travelairs-1.jpg 425w, https:\/\/backup.travelairs.de\/wp-content\/uploads\/2024\/09\/sascha-maemecke-travelairs-1-300x227.jpg 300w, https:\/\/backup.travelairs.de\/wp-content\/uploads\/2024\/09\/sascha-maemecke-travelairs-1-60x45.jpg 60w\" sizes=\"(max-width: 425px) 100vw, 425px\" \/><\/figure><div class=\"elementor-image-box-content\"><h3 class=\"elementor-image-box-title\">Sascha M\u00e4mecke<\/h3><p class=\"elementor-image-box-description\">PILOT, Gesch\u00e4ftsf\u00fchrender Gesellschafter<\/p><\/div><\/div>\t\t\t\t<\/div>\n\t\t\t\t<\/div>\n\t\t\t\t<div class=\"elementor-element elementor-element-307c043 elementor-widget elementor-widget-text-editor\" data-id=\"307c043\" data-element_type=\"widget\" data-widget_type=\"text-editor.default\">\n\t\t\t\t<div class=\"elementor-widget-container\">\n\t\t\t\t\t\t\t\t\t<p>Jahrgang 1986, wollte eigentlich Airliner fliegen, ist nun Fussballtrainer, Dorfpolitiker, Finanzjongleur, Familienvater und VFR-Pilot.<\/p><p><strong>Mein Highlight: <\/strong>Auf unserer Reise \u201eRund ums Mittelmeer\u201c 2021 war es das Leg von Perpignan (LFMP) in S\u00fcdfrankreich nach Castellon (LECN) n\u00f6rdlich von Valencia. Unmittelbar nach Take-Off waren die Pyren\u00e4en vor uns. Leicht diesig, aber problemlos fliegbar, hangelten wir uns durch das Gebirge. Auf der anderen Seite war die Vegetation schlagartig s\u00fcdeurop\u00e4isch. Der Luftraum von Barcelona hat uns empfangen; der ATC war anspruchsvoll bis hektisch, hat uns an Stadt und Flughafen in einem kleinen Korridor vorbeigef\u00fchrt. S\u00fcdlich von Barcelona wartete noch die CTR von Reus auf uns, danach ging es entspannt und sommerlich dem blauen Meer entlang, bis wir nahezu parallel zum Strand in Castellon landen konnten. T\u00fcr auf, spanische Meeresluft in die Nase. <\/p>\t\t\t\t\t\t\t\t<\/div>\n\t\t\t\t<\/div>\n\t\t\t\t\t<\/div>\n\t\t<\/div>\n\t\t\t\t\t<\/div>\n\t\t<\/section>\n\t\t\t\t<section class=\"elementor-section elementor-inner-section elementor-element elementor-element-7888629 elementor-section-boxed elementor-section-height-default elementor-section-height-default wpr-particle-no wpr-jarallax-no wpr-parallax-no wpr-sticky-section-no\" data-id=\"7888629\" data-element_type=\"section\">\n\t\t\t\t\t\t<div class=\"elementor-container elementor-column-gap-default\">\n\t\t\t\t\t<div class=\"elementor-column elementor-col-50 elementor-inner-column elementor-element elementor-element-42c82b14\" data-id=\"42c82b14\" data-element_type=\"column\">\n\t\t\t<div class=\"elementor-widget-wrap elementor-element-populated\">\n\t\t\t\t\t\t<div class=\"elementor-element elementor-element-93ba88f elementor-position-top elementor-widget elementor-widget-image-box\" data-id=\"93ba88f\" data-element_type=\"widget\" data-widget_type=\"image-box.default\">\n\t\t\t\t<div class=\"elementor-widget-container\">\n\t\t\t\t\t<div class=\"elementor-image-box-wrapper\"><figure class=\"elementor-image-box-img\"><img decoding=\"async\" width=\"425\" height=\"321\" src=\"https:\/\/backup.travelairs.de\/wp-content\/uploads\/2024\/09\/dirk-schwabe-travelairs.jpg\" class=\"elementor-animation-grow attachment-full size-full wp-image-2072\" alt=\"\" srcset=\"https:\/\/backup.travelairs.de\/wp-content\/uploads\/2024\/09\/dirk-schwabe-travelairs.jpg 425w, https:\/\/backup.travelairs.de\/wp-content\/uploads\/2024\/09\/dirk-schwabe-travelairs-300x227.jpg 300w, https:\/\/backup.travelairs.de\/wp-content\/uploads\/2024\/09\/dirk-schwabe-travelairs-60x45.jpg 60w\" sizes=\"(max-width: 425px) 100vw, 425px\" \/><\/figure><div class=\"elementor-image-box-content\"><h3 class=\"elementor-image-box-title\">Dirk Schwabe<\/h3><p class=\"elementor-image-box-description\">PILOT, Fluglehrer<\/p><\/div><\/div>\t\t\t\t<\/div>\n\t\t\t\t<\/div>\n\t\t\t\t<div class=\"elementor-element elementor-element-b3cb7f2 elementor-widget elementor-widget-text-editor\" data-id=\"b3cb7f2\" data-element_type=\"widget\" data-widget_type=\"text-editor.default\">\n\t\t\t\t<div class=\"elementor-widget-container\">\n\t\t\t\t\t\t\t\t\t<p>Das Fliegen erlernte ich 1985 im Frankfurter Verein f\u00fcr Luftfahrt. Ich hatte Gl\u00fcck und bekam mit Karl B\u00e4cker einen ausgezeichneten Fluglehrer. Wir beide kauften kurz danach die D-ECHE, ohne zu ahnen wie lange sie uns begleiten sollte, n\u00e4mlich bis heute. Noch weniger wussten wir damals, wie weit die gute alte Dame, eine 1970 gebaute Cessna 172, mit uns herumkommen w\u00fcrde. Inzwischen kennt sie ganz Europa: Frankreich, das damalige Jugoslawien, Griechenland, Italien, Spanien, die Kanaren, Benelux, Gro\u00dfbritannien, Skandinavien bis zum Nordkap, Polen. Und um zu zeigen, was sie wirklich kann, trug sie uns bis nach Kapstadt und ein anderes Mal \u00fcber den gro\u00dfen Teich bis in die USA. Ich glaube, wir sind sehr zufrieden miteinander &#8211; also die ECHE und wir. Und da 53 Jahre ja wirklich kein Alter ist, hat sie beschlossen, noch ein paar richtig gute Touren zu machen. Ich kann es ihr nicht abschlagen.<\/p>\t\t\t\t\t\t\t\t<\/div>\n\t\t\t\t<\/div>\n\t\t\t\t\t<\/div>\n\t\t<\/div>\n\t\t\t\t<div class=\"elementor-column elementor-col-50 elementor-inner-column elementor-element elementor-element-8f23351\" data-id=\"8f23351\" data-element_type=\"column\">\n\t\t\t<div class=\"elementor-widget-wrap elementor-element-populated\">\n\t\t\t\t\t\t<div class=\"elementor-element elementor-element-2e2de5e elementor-position-top elementor-widget elementor-widget-image-box\" data-id=\"2e2de5e\" data-element_type=\"widget\" data-widget_type=\"image-box.default\">\n\t\t\t\t<div class=\"elementor-widget-container\">\n\t\t\t\t\t<div class=\"elementor-image-box-wrapper\"><figure class=\"elementor-image-box-img\"><img loading=\"lazy\" decoding=\"async\" width=\"425\" height=\"321\" src=\"https:\/\/backup.travelairs.de\/wp-content\/uploads\/2024\/09\/Klaus-Rimbach-travelairs.jpg\" class=\"elementor-animation-grow attachment-full size-full wp-image-2139\" alt=\"\" srcset=\"https:\/\/backup.travelairs.de\/wp-content\/uploads\/2024\/09\/Klaus-Rimbach-travelairs.jpg 425w, https:\/\/backup.travelairs.de\/wp-content\/uploads\/2024\/09\/Klaus-Rimbach-travelairs-300x227.jpg 300w, https:\/\/backup.travelairs.de\/wp-content\/uploads\/2024\/09\/Klaus-Rimbach-travelairs-60x45.jpg 60w\" sizes=\"(max-width: 425px) 100vw, 425px\" \/><\/figure><div class=\"elementor-image-box-content\"><h3 class=\"elementor-image-box-title\">Klaus Rimbach<\/h3><p class=\"elementor-image-box-description\">Pilot, Fluglehrer<\/p><\/div><\/div>\t\t\t\t<\/div>\n\t\t\t\t<\/div>\n\t\t\t\t<div class=\"elementor-element elementor-element-2f0eb93 elementor-widget elementor-widget-text-editor\" data-id=\"2f0eb93\" data-element_type=\"widget\" data-widget_type=\"text-editor.default\">\n\t\t\t\t<div class=\"elementor-widget-container\">\n\t\t\t\t\t\t\t\t\t<p>Mit 51 Jahren Pilot werden zu wollen; ich w\u00fcrde mich als Sp\u00e4tz\u00fcnder bezeichnen.\u00a0<\/p><p>Der Weg war nicht immer leicht und etwas Frust ist im Preis mit drin. Aber wenn man sich nach 1 Woche am Boden eingeengt f\u00fchlt, unbedingt ins Cockpit und nach oben will, um tief durchzuatmen, wird das Wort Freiheit zu einem Zustand &#8211; mit Suchtfaktor.<\/p><p>\u00a0<\/p><p><strong>Meine Highlights?<\/strong><\/p><p>ein gro\u00dfer Sack mit wundersch\u00f6nen Erinnerungen und Bildern, die zuf\u00e4llig und spontan ins Ged\u00e4chtnis zur\u00fcckkommen und den Augenblick leuchten lassen.<\/p>\t\t\t\t\t\t\t\t<\/div>\n\t\t\t\t<\/div>\n\t\t\t\t\t<\/div>\n\t\t<\/div>\n\t\t\t\t\t<\/div>\n\t\t<\/section>\n\t\t\t\t<div class=\"elementor-element elementor-element-17ed04d elementor-align-center elementor-widget elementor-widget-button\" data-id=\"17ed04d\" data-element_type=\"widget\" data-widget_type=\"button.default\">\n\t\t\t\t<div class=\"elementor-widget-container\">\n\t\t\t\t\t\t\t\t\t<div class=\"elementor-button-wrapper\">\n\t\t\t\t\t<a class=\"elementor-button elementor-button-link elementor-size-sm\" href=\"\/en\/unser-angebot\/\">\n\t\t\t\t\t\t<span class=\"elementor-button-content-wrapper\">\n\t\t\t\t\t\t\t\t\t<span class=\"elementor-button-text\">Flieg mit uns!<\/span>\n\t\t\t\t\t<\/span>\n\t\t\t\t\t<\/a>\n\t\t\t\t<\/div>\n\t\t\t\t\t\t\t\t<\/div>\n\t\t\t\t<\/div>\n\t\t\t\t\t<\/div>\n\t\t<\/div>\n\t\t\t\t\t<\/div>\n\t\t<\/section>\n\t\t\t\t<\/div>","protected":false},"excerpt":{"rendered":"<p>WIR SIND TRAVELAIRS Mit Pilotenschein in der Tasche steht man am Flugplatz und das Fernweh ruft. Die Erfahrung f\u00fcr die Abenteuer fehlen? Man hat keine Lust auf die zum Teil&#8230;<\/p>","protected":false},"author":1,"featured_media":0,"parent":0,"menu_order":0,"comment_status":"closed","ping_status":"open","template":"","meta":{"pgc_sgb_lightbox_settings":"","footnotes":""},"class_list":["post-2","page","type-page","status-publish","hentry"],"aioseo_notices":[],"_hostinger_reach_plugin_has_subscription_block":false,"_hostinger_reach_plugin_is_elementor":false,"_links":{"self":[{"href":"https:\/\/backup.travelairs.de\/en\/wp-json\/wp\/v2\/pages\/2","targetHints":{"allow":["GET"]}}],"collection":[{"href":"https:\/\/backup.travelairs.de\/en\/wp-json\/wp\/v2\/pages"}],"about":[{"href":"https:\/\/backup.travelairs.de\/en\/wp-json\/wp\/v2\/types\/page"}],"author":[{"embeddable":true,"href":"https:\/\/backup.travelairs.de\/en\/wp-json\/wp\/v2\/users\/1"}],"replies":[{"embeddable":true,"href":"https:\/\/backup.travelairs.de\/en\/wp-json\/wp\/v2\/comments?post=2"}],"version-history":[{"count":108,"href":"https:\/\/backup.travelairs.de\/en\/wp-json\/wp\/v2\/pages\/2\/revisions"}],"predecessor-version":[{"id":2821,"href":"https:\/\/backup.travelairs.de\/en\/wp-json\/wp\/v2\/pages\/2\/revisions\/2821"}],"wp:attachment":[{"href":"https:\/\/backup.travelairs.de\/en\/wp-json\/wp\/v2\/media?parent=2"}],"curies":[{"name":"wp","href":"https:\/\/api.w.org\/{rel}","templated":true}]}}