{"id":2098,"date":"2024-09-06T09:29:23","date_gmt":"2024-09-06T07:29:23","guid":{"rendered":"https:\/\/travelairs.de\/?page_id=2098"},"modified":"2024-10-24T14:13:12","modified_gmt":"2024-10-24T12:13:12","slug":"unser-angebot","status":"publish","type":"page","link":"https:\/\/backup.travelairs.de\/en\/unser-angebot\/","title":{"rendered":"Unser Angebot"},"content":{"rendered":"<div data-elementor-type=\"wp-page\" data-elementor-id=\"2098\" class=\"elementor elementor-2098\">\n\t\t\t\t\t\t<section class=\"elementor-section elementor-top-section elementor-element elementor-element-467a6211 elementor-section-content-middle elementor-section-boxed elementor-section-height-default elementor-section-height-default wpr-particle-no wpr-jarallax-no wpr-parallax-no wpr-sticky-section-no\" data-id=\"467a6211\" data-element_type=\"section\">\n\t\t\t\t\t\t<div class=\"elementor-container elementor-column-gap-no\">\n\t\t\t\t\t<div class=\"elementor-column elementor-col-100 elementor-top-column elementor-element elementor-element-3bcc6057\" data-id=\"3bcc6057\" data-element_type=\"column\">\n\t\t\t<div class=\"elementor-widget-wrap elementor-element-populated\">\n\t\t\t\t\t\t<div class=\"elementor-element elementor-element-1c16cb14 elementor-widget elementor-widget-heading\" data-id=\"1c16cb14\" data-element_type=\"widget\" data-widget_type=\"heading.default\">\n\t\t\t\t<div class=\"elementor-widget-container\">\n\t\t\t\t\t<h4 class=\"elementor-heading-title elementor-size-default\">Unser Angebot<\/h4>\t\t\t\t<\/div>\n\t\t\t\t<\/div>\n\t\t\t\t<div class=\"elementor-element elementor-element-ccb2ad4 wpr-grid-columns-3 wpr-grid-columns--tablet2 wpr-grid-columns--mobile1 wpr-grid-pagination-center wpr-item-styles-inner elementor-widget elementor-widget-wpr-grid\" data-id=\"ccb2ad4\" data-element_type=\"widget\" data-widget_type=\"wpr-grid.default\">\n\t\t\t\t<div class=\"elementor-widget-container\">\n\t\t\t\t\t<ul class=\"wpr-grid-filters elementor-clearfix wpr-grid-filters-sep-right\"><li class=\"wpr-pointer-none wpr-pointer-line-fx wpr-pointer-fx-none\"><span   data-ajax-filter=\"[\"category\",\"flugreisen-2025\"]\" data-filter=\".category-flugreisen-2025\">Unser Angebot 2025<\/span><em class=\"wpr-grid-filters-sep\"><\/em><\/li><\/ul><section class=\"wpr-grid elementor-clearfix\" data-settings=\"{&quot;layout&quot;:&quot;fitRows&quot;,&quot;stick_last_element_to_bottom&quot;:&quot;&quot;,&quot;columns_desktop&quot;:3,&quot;gutter_hr&quot;:15,&quot;gutter_hr_mobile&quot;:15,&quot;gutter_hr_mobile_extra&quot;:15,&quot;gutter_hr_tablet&quot;:15,&quot;gutter_hr_tablet_extra&quot;:15,&quot;gutter_hr_laptop&quot;:15,&quot;gutter_hr_widescreen&quot;:15,&quot;gutter_vr&quot;:15,&quot;gutter_vr_mobile&quot;:15,&quot;gutter_vr_mobile_extra&quot;:15,&quot;gutter_vr_tablet&quot;:15,&quot;gutter_vr_tablet_extra&quot;:15,&quot;gutter_vr_laptop&quot;:15,&quot;gutter_vr_widescreen&quot;:15,&quot;animation&quot;:&quot;default&quot;,&quot;animation_duration&quot;:0.3,&quot;animation_delay&quot;:0.1,&quot;deeplinking&quot;:&quot;&quot;,&quot;filters_linkable&quot;:&quot;no&quot;,&quot;filters_default_filter&quot;:&quot;&quot;,&quot;filters_count&quot;:&quot;&quot;,&quot;filters_hide_empty&quot;:&quot;no&quot;,&quot;filters_animation&quot;:&quot;default&quot;,&quot;filters_animation_duration&quot;:0.3,&quot;filters_animation_delay&quot;:0.1,&quot;pagination_type&quot;:&quot;load-more&quot;,&quot;pagination_max_pages&quot;:1,&quot;lightbox&quot;:{&quot;selector&quot;:&quot;.wpr-grid-image-wrap&quot;,&quot;iframeMaxWidth&quot;:&quot;60%&quot;,&quot;hash&quot;:false,&quot;autoplay&quot;:&quot;true&quot;,&quot;pause&quot;:5000,&quot;progressBar&quot;:&quot;true&quot;,&quot;counter&quot;:&quot;true&quot;,&quot;controls&quot;:&quot;true&quot;,&quot;getCaptionFromTitleOrAlt&quot;:&quot;true&quot;,&quot;thumbnail&quot;:&quot;&quot;,&quot;showThumbByDefault&quot;:&quot;&quot;,&quot;share&quot;:&quot;&quot;,&quot;zoom&quot;:&quot;true&quot;,&quot;fullScreen&quot;:&quot;true&quot;,&quot;download&quot;:&quot;true&quot;}}\" data-advanced-filters=\"no\"><article class=\"wpr-grid-item elementor-clearfix post-2210 post type-post status-publish format-standard has-post-thumbnail hentry category-flugreisen-2025\"><div class=\"wpr-grid-item-inner\"><div class=\"wpr-grid-media-wrap wpr-effect-size-medium\" data-overlay-link=\"yes\"><div class=\"wpr-grid-image-wrap\" data-src=\"https:\/\/backup.travelairs.de\/wp-content\/uploads\/2024\/09\/GRANVILLEA.jpg\" data-img-on-hover=\"\"  data-src-secondary=\"\"><img decoding=\"async\" data-no-lazy=\"1\" src=\"https:\/\/backup.travelairs.de\/wp-content\/uploads\/2024\/09\/GRANVILLEA.jpg\" alt=\"Mai 2025: Saint Malo (FR) und Brighton (UK)\" class=\"wpr-anim-timing-ease-default\"><\/div><div class=\"wpr-grid-media-hover wpr-animation-wrap\"><div class=\"wpr-grid-media-hover-bg  wpr-overlay-fade-in wpr-anim-size-large wpr-anim-timing-ease-default wpr-anim-transparency\" data-url=\"https:\/\/backup.travelairs.de\/en\/2024\/09\/01\/planung-2025-2-3\/\"><\/div><\/div><\/div><div class=\"wpr-grid-item-below-content elementor-clearfix\"><h2 class=\"wpr-grid-item-title elementor-repeater-item-de0a1a5 wpr-grid-item-display-block wpr-grid-item-align-left wpr-pointer-none wpr-pointer-line-fx wpr-pointer-fx-fade\"><div class=\"inner-block\"><a target=\"_self\"  href=\"https:\/\/backup.travelairs.de\/en\/2024\/09\/01\/planung-2025-2-3\/\">Mai 2025: Saint Malo (FR) und Brighton (UK)<\/a><\/div><\/h2><div class=\"wpr-grid-item-excerpt elementor-repeater-item-66a2dbc wpr-grid-item-display-block wpr-grid-item-align-left\"><div class=\"inner-block\"><p>Melde Dich an und flieg mit! | 01.05.2025 \u2013 05.05.2025 (4 \u00dcbernachtungen) Shortfacts: Reisebegleitung durch TravelAirs 2 \u00dcbernachtungen inkl. Fr\u00fchst\u00fcck...<\/p><\/div><\/div><\/div><\/div><\/article><article class=\"wpr-grid-item elementor-clearfix post-2215 post type-post status-publish format-standard has-post-thumbnail hentry category-flugreisen-2025\"><div class=\"wpr-grid-item-inner\"><div class=\"wpr-grid-media-wrap wpr-effect-size-medium\" data-overlay-link=\"yes\"><div class=\"wpr-grid-image-wrap\" data-src=\"https:\/\/backup.travelairs.de\/wp-content\/uploads\/2024\/09\/venedig.jpg\" data-img-on-hover=\"\"  data-src-secondary=\"\"><img decoding=\"async\" data-no-lazy=\"1\" src=\"https:\/\/backup.travelairs.de\/wp-content\/uploads\/2024\/09\/venedig.jpg\" alt=\"Juni 2025: Venedig (IT) und Portoroz (SLO)\" class=\"wpr-anim-timing-ease-default\"><\/div><div class=\"wpr-grid-media-hover wpr-animation-wrap\"><div class=\"wpr-grid-media-hover-bg  wpr-overlay-fade-in wpr-anim-size-large wpr-anim-timing-ease-default wpr-anim-transparency\" data-url=\"https:\/\/backup.travelairs.de\/en\/2024\/09\/05\/planung-2025-2\/\"><\/div><\/div><\/div><div class=\"wpr-grid-item-below-content elementor-clearfix\"><h2 class=\"wpr-grid-item-title elementor-repeater-item-de0a1a5 wpr-grid-item-display-block wpr-grid-item-align-left wpr-pointer-none wpr-pointer-line-fx wpr-pointer-fx-fade\"><div class=\"inner-block\"><a target=\"_self\"  href=\"https:\/\/backup.travelairs.de\/en\/2024\/09\/05\/planung-2025-2\/\">Juni 2025: Venedig (IT) und Portoroz (SLO)<\/a><\/div><\/h2><div class=\"wpr-grid-item-excerpt elementor-repeater-item-66a2dbc wpr-grid-item-display-block wpr-grid-item-align-left\"><div class=\"inner-block\"><p>Im Fr\u00fchsommer 2025 fliegen wir die weltber\u00fchmte Lagunenstadt Venedig \u2013 ein Traum jedes Piloten. Im Paket gibt es den beliebten...<\/p><\/div><\/div><\/div><\/div><\/article><article class=\"wpr-grid-item elementor-clearfix post-2714 post type-post status-publish format-standard has-post-thumbnail hentry category-flugreisen-2025\"><div class=\"wpr-grid-item-inner\"><div class=\"wpr-grid-media-wrap wpr-effect-size-medium\" data-overlay-link=\"yes\"><div class=\"wpr-grid-image-wrap\" data-src=\"https:\/\/backup.travelairs.de\/wp-content\/uploads\/2024\/09\/battle_of_britain.png\" data-img-on-hover=\"\"  data-src-secondary=\"\"><img decoding=\"async\" data-no-lazy=\"1\" src=\"https:\/\/backup.travelairs.de\/wp-content\/uploads\/2024\/09\/battle_of_britain.png\" alt=\"Juni 2025: Battle of Britain Airshow 2025\" class=\"wpr-anim-timing-ease-default\"><\/div><div class=\"wpr-grid-media-hover wpr-animation-wrap\"><div class=\"wpr-grid-media-hover-bg  wpr-overlay-fade-in wpr-anim-size-large wpr-anim-timing-ease-default wpr-anim-transparency\" data-url=\"https:\/\/backup.travelairs.de\/en\/2024\/09\/07\/juni-2025-battle-of-britain-airshow-2025\/\"><\/div><\/div><\/div><div class=\"wpr-grid-item-below-content elementor-clearfix\"><h2 class=\"wpr-grid-item-title elementor-repeater-item-de0a1a5 wpr-grid-item-display-block wpr-grid-item-align-left wpr-pointer-none wpr-pointer-line-fx wpr-pointer-fx-fade\"><div class=\"inner-block\"><a target=\"_self\"  href=\"https:\/\/backup.travelairs.de\/en\/2024\/09\/07\/juni-2025-battle-of-britain-airshow-2025\/\">Juni 2025: Battle of Britain Airshow 2025<\/a><\/div><\/h2><div class=\"wpr-grid-item-excerpt elementor-repeater-item-66a2dbc wpr-grid-item-display-block wpr-grid-item-align-left\"><div class=\"inner-block\"><p>Wir freuen uns ein weiteres Highlight 2025 \u201eThe Battle of Britain Airshow 2025\u201c auf dem Headcorn Aerodrome anzuk\u00fcndigen, die am...<\/p><\/div><\/div><\/div><\/div><\/article><article class=\"wpr-grid-item elementor-clearfix post-1910 post type-post status-publish format-standard has-post-thumbnail hentry category-flugreisen-2025\"><div class=\"wpr-grid-item-inner\"><div class=\"wpr-grid-media-wrap wpr-effect-size-medium\" data-overlay-link=\"yes\"><div class=\"wpr-grid-image-wrap\" data-src=\"https:\/\/backup.travelairs.de\/wp-content\/uploads\/2024\/08\/3E53D614-A9D4-4EFF-BAB4-17A6FE7EE90F-583x300-1.jpg\" data-img-on-hover=\"\"  data-src-secondary=\"\"><img decoding=\"async\" data-no-lazy=\"1\" src=\"https:\/\/backup.travelairs.de\/wp-content\/uploads\/2024\/08\/3E53D614-A9D4-4EFF-BAB4-17A6FE7EE90F-583x300-1.jpg\" alt=\"Juli 2025: Glenforsa in den Highlands Schottlands\" class=\"wpr-anim-timing-ease-default\"><\/div><div class=\"wpr-grid-media-hover wpr-animation-wrap\"><div class=\"wpr-grid-media-hover-bg  wpr-overlay-fade-in wpr-anim-size-large wpr-anim-timing-ease-default wpr-anim-transparency\" data-url=\"https:\/\/backup.travelairs.de\/en\/2024\/09\/07\/planung-2025\/\"><\/div><\/div><\/div><div class=\"wpr-grid-item-below-content elementor-clearfix\"><h2 class=\"wpr-grid-item-title elementor-repeater-item-de0a1a5 wpr-grid-item-display-block wpr-grid-item-align-left wpr-pointer-none wpr-pointer-line-fx wpr-pointer-fx-fade\"><div class=\"inner-block\"><a target=\"_self\"  href=\"https:\/\/backup.travelairs.de\/en\/2024\/09\/07\/planung-2025\/\">Juli 2025: Glenforsa in den Highlands Schottlands<\/a><\/div><\/h2><div class=\"wpr-grid-item-excerpt elementor-repeater-item-66a2dbc wpr-grid-item-display-block wpr-grid-item-align-left\"><div class=\"inner-block\"><p>Unser Reisehighlight steht nat\u00fcrlich auch 2025 auf dem Plan. Sei mit dabei, wenn wir erneut die schottischen Highlands ansteuern auf...<\/p><\/div><\/div><\/div><\/div><\/article><article class=\"wpr-grid-item elementor-clearfix post-2211 post type-post status-publish format-standard has-post-thumbnail hentry category-flugreisen-2025\"><div class=\"wpr-grid-item-inner\"><div class=\"wpr-grid-media-wrap wpr-effect-size-medium\" data-overlay-link=\"yes\"><div class=\"wpr-grid-image-wrap\" data-src=\"https:\/\/backup.travelairs.de\/wp-content\/uploads\/2024\/09\/kikity.jpg\" data-img-on-hover=\"\"  data-src-secondary=\"\"><img decoding=\"async\" data-no-lazy=\"1\" src=\"https:\/\/backup.travelairs.de\/wp-content\/uploads\/2024\/09\/kikity.jpg\" alt=\"August 2025: Kikity (PL) und Danzig (PL)\" class=\"wpr-anim-timing-ease-default\"><\/div><div class=\"wpr-grid-media-hover wpr-animation-wrap\"><div class=\"wpr-grid-media-hover-bg  wpr-overlay-fade-in wpr-anim-size-large wpr-anim-timing-ease-default wpr-anim-transparency\" data-url=\"https:\/\/backup.travelairs.de\/en\/2024\/09\/12\/planung-2025-2-4\/\"><\/div><\/div><\/div><div class=\"wpr-grid-item-below-content elementor-clearfix\"><h2 class=\"wpr-grid-item-title elementor-repeater-item-de0a1a5 wpr-grid-item-display-block wpr-grid-item-align-left wpr-pointer-none wpr-pointer-line-fx wpr-pointer-fx-fade\"><div class=\"inner-block\"><a target=\"_self\"  href=\"https:\/\/backup.travelairs.de\/en\/2024\/09\/12\/planung-2025-2-4\/\">August 2025: Kikity (PL) und Danzig (PL)<\/a><\/div><\/h2><div class=\"wpr-grid-item-excerpt elementor-repeater-item-66a2dbc wpr-grid-item-display-block wpr-grid-item-align-left\"><div class=\"inner-block\"><p>Im August geht es an den Osten Polen an die masurische Seenplatte. Neben Kikity steuern wir zus\u00e4tzlich Danzig an.<\/p><\/div><\/div><\/div><\/div><\/article><article class=\"wpr-grid-item elementor-clearfix post-2192 post type-post status-publish format-standard has-post-thumbnail hentry category-flugreisen-2025\"><div class=\"wpr-grid-item-inner\"><div class=\"wpr-grid-media-wrap wpr-effect-size-medium\" data-overlay-link=\"yes\"><div class=\"wpr-grid-image-wrap\" data-src=\"https:\/\/backup.travelairs.de\/wp-content\/uploads\/2024\/09\/corsica.jpg\" data-img-on-hover=\"\"  data-src-secondary=\"\"><img decoding=\"async\" data-no-lazy=\"1\" src=\"https:\/\/backup.travelairs.de\/wp-content\/uploads\/2024\/09\/corsica.jpg\" alt=\"September 2025: Provence (FR), Cannes (FR) und Korsika (FR)\" class=\"wpr-anim-timing-ease-default\"><\/div><div class=\"wpr-grid-media-hover wpr-animation-wrap\"><div class=\"wpr-grid-media-hover-bg  wpr-overlay-fade-in wpr-anim-size-large wpr-anim-timing-ease-default wpr-anim-transparency\" data-url=\"https:\/\/backup.travelairs.de\/en\/2024\/09\/23\/planung-2025-2-2\/\"><\/div><\/div><\/div><div class=\"wpr-grid-item-below-content elementor-clearfix\"><h2 class=\"wpr-grid-item-title elementor-repeater-item-de0a1a5 wpr-grid-item-display-block wpr-grid-item-align-left wpr-pointer-none wpr-pointer-line-fx wpr-pointer-fx-fade\"><div class=\"inner-block\"><a target=\"_self\"  href=\"https:\/\/backup.travelairs.de\/en\/2024\/09\/23\/planung-2025-2-2\/\">September 2025: Provence (FR), Cannes (FR) und Korsika (FR)<\/a><\/div><\/h2><div class=\"wpr-grid-item-excerpt elementor-repeater-item-66a2dbc wpr-grid-item-display-block wpr-grid-item-align-left\"><div class=\"inner-block\"><p>Zum Abschluss unseres Jahres 2025 geht\u2019s erneut nach S\u00fcden Richtung Provence, Cannes und Korsika.<\/p><\/div><\/div><\/div><\/div><\/article><\/section>\t\t\t\t<\/div>\n\t\t\t\t<\/div>\n\t\t\t\t\t<\/div>\n\t\t<\/div>\n\t\t\t\t\t<\/div>\n\t\t<\/section>\n\t\t\t\t<\/div>","protected":false},"excerpt":{"rendered":"<p>Unser Angebot Unser Angebot 2025 Juli 2025: Glenforsa in den Highlands Schottlands Unser Reisehighlight steht nat\u00fcrlich auch 2025 auf dem Plan. Sei mit dabei, wenn wir erneut die schottischen Highlands&#8230;<\/p>","protected":false},"author":1,"featured_media":0,"parent":0,"menu_order":0,"comment_status":"closed","ping_status":"closed","template":"","meta":{"pgc_sgb_lightbox_settings":"","footnotes":""},"class_list":["post-2098","page","type-page","status-publish","hentry"],"aioseo_notices":[],"_hostinger_reach_plugin_has_subscription_block":false,"_hostinger_reach_plugin_is_elementor":false,"_links":{"self":[{"href":"https:\/\/backup.travelairs.de\/en\/wp-json\/wp\/v2\/pages\/2098","targetHints":{"allow":["GET"]}}],"collection":[{"href":"https:\/\/backup.travelairs.de\/en\/wp-json\/wp\/v2\/pages"}],"about":[{"href":"https:\/\/backup.travelairs.de\/en\/wp-json\/wp\/v2\/types\/page"}],"author":[{"embeddable":true,"href":"https:\/\/backup.travelairs.de\/en\/wp-json\/wp\/v2\/users\/1"}],"replies":[{"embeddable":true,"href":"https:\/\/backup.travelairs.de\/en\/wp-json\/wp\/v2\/comments?post=2098"}],"version-history":[{"count":28,"href":"https:\/\/backup.travelairs.de\/en\/wp-json\/wp\/v2\/pages\/2098\/revisions"}],"predecessor-version":[{"id":2450,"href":"https:\/\/backup.travelairs.de\/en\/wp-json\/wp\/v2\/pages\/2098\/revisions\/2450"}],"wp:attachment":[{"href":"https:\/\/backup.travelairs.de\/en\/wp-json\/wp\/v2\/media?parent=2098"}],"curies":[{"name":"wp","href":"https:\/\/api.w.org\/{rel}","templated":true}]}}