{"id":2676,"date":"2024-11-21T10:03:27","date_gmt":"2024-11-21T09:03:27","guid":{"rendered":"https:\/\/travelairs.de\/?page_id=2676"},"modified":"2025-03-10T13:22:25","modified_gmt":"2025-03-10T12:22:25","slug":"fly2troy","status":"publish","type":"page","link":"https:\/\/backup.travelairs.de\/en\/fly2troy\/","title":{"rendered":"Fly2Troy"},"content":{"rendered":"<div data-elementor-type=\"wp-page\" data-elementor-id=\"2676\" class=\"elementor elementor-2676\">\n\t\t\t\t\t\t<section class=\"elementor-section elementor-top-section elementor-element elementor-element-2199104 elementor-section-height-min-height elementor-section-boxed elementor-section-height-default elementor-section-items-middle wpr-particle-no wpr-jarallax-no wpr-parallax-no wpr-sticky-section-no\" data-id=\"2199104\" data-element_type=\"section\" data-settings=\"{&quot;background_background&quot;:&quot;classic&quot;}\">\n\t\t\t\t\t\t<div class=\"elementor-container elementor-column-gap-default\">\n\t\t\t\t\t<div class=\"elementor-column elementor-col-100 elementor-top-column elementor-element elementor-element-41e9753\" data-id=\"41e9753\" data-element_type=\"column\">\n\t\t\t<div class=\"elementor-widget-wrap elementor-element-populated\">\n\t\t\t\t\t\t<div class=\"elementor-element elementor-element-e47132d elementor-widget elementor-widget-image\" data-id=\"e47132d\" data-element_type=\"widget\" data-widget_type=\"image.default\">\n\t\t\t\t<div class=\"elementor-widget-container\">\n\t\t\t\t\t\t\t\t\t\t\t\t\t\t\t<img decoding=\"async\" src=\"https:\/\/backup.travelairs.de\/wp-content\/uploads\/elementor\/thumbs\/fly2troy-e1732179555110-qxdl2m75p1lkuqec0k4si3ssy1t7sczf3nso1kur9c.png\" title=\"fly2troy\" alt=\"fly2troy\" loading=\"lazy\" \/>\t\t\t\t\t\t\t\t\t\t\t\t\t\t\t<\/div>\n\t\t\t\t<\/div>\n\t\t\t\t\t<\/div>\n\t\t<\/div>\n\t\t\t\t\t<\/div>\n\t\t<\/section>\n\t\t\t\t<section class=\"elementor-section elementor-top-section elementor-element elementor-element-a3ba417 elementor-section-boxed elementor-section-height-default elementor-section-height-default wpr-particle-no wpr-jarallax-no wpr-parallax-no wpr-sticky-section-no\" data-id=\"a3ba417\" data-element_type=\"section\">\n\t\t\t\t\t\t<div class=\"elementor-container elementor-column-gap-default\">\n\t\t\t\t\t<div class=\"elementor-column elementor-col-100 elementor-top-column elementor-element elementor-element-39d282d\" data-id=\"39d282d\" data-element_type=\"column\">\n\t\t\t<div class=\"elementor-widget-wrap elementor-element-populated\">\n\t\t\t\t\t\t<div class=\"elementor-element elementor-element-6a3ffc4 elementor-widget elementor-widget-text-editor\" data-id=\"6a3ffc4\" data-element_type=\"widget\" data-widget_type=\"text-editor.default\">\n\t\t\t\t<div class=\"elementor-widget-container\">\n\t\t\t\t\t\t\t\t\t<p><strong>Fly2Troy \u2013 Unvergessliche Flugabenteuer f\u00fcr Privatpiloten<\/strong><\/p><p>\u00a0Fly2Troy organisiert au\u00dfergew\u00f6hnliche Gruppenflugreisen f\u00fcr Sport- und Hobbypiloten, die neue Horizonte erkunden m\u00f6chten. In gef\u00fchrten Formationsfl\u00fcgen entdecken die Teilnehmer atemberaubende Landschaften, historische St\u00e4tten und kulturelle Highlights \u2013 sowohl aus der Luft als auch am Boden.<\/p><p>\u00a0Die Reisen sind sorgf\u00e4ltig geplant und beinhalten Unterst\u00fctzung bei Flugrouten, Genehmigungen, Unterk\u00fcnften sowie lokalen<br \/>Erlebnissen. Neben der T\u00fcrkei stehen auch spannende Destinationen wie Baku, Taschkent, Abu Dhabi und Katar auf dem Programm.<\/p><p>\u00a0Fly2Troy wird von Zafer Ertem organisiert, einem erfahrenen Piloten und Eventmanager, der mit Leidenschaft die<br \/>Luftfahrt-Community verbindet und einzigartige Erlebnisse f\u00fcr Gleichgesinnte schafft.<\/p><p>\u00a0Mehr Informationen unter: FlightQuest.Space<\/p>\t\t\t\t\t\t\t\t<\/div>\n\t\t\t\t<\/div>\n\t\t\t\t\t<\/div>\n\t\t<\/div>\n\t\t\t\t\t<\/div>\n\t\t<\/section>\n\t\t\t\t<section class=\"elementor-section elementor-top-section elementor-element elementor-element-8edafb0 elementor-section-boxed elementor-section-height-default elementor-section-height-default wpr-particle-no wpr-jarallax-no wpr-parallax-no wpr-sticky-section-no\" data-id=\"8edafb0\" data-element_type=\"section\">\n\t\t\t\t\t\t<div class=\"elementor-container elementor-column-gap-default\">\n\t\t\t\t\t<div class=\"elementor-column elementor-col-100 elementor-top-column elementor-element elementor-element-3589cb9\" data-id=\"3589cb9\" data-element_type=\"column\">\n\t\t\t<div class=\"elementor-widget-wrap elementor-element-populated\">\n\t\t\t\t\t\t<div class=\"elementor-element elementor-element-dd177fe elementor-widget elementor-widget-image\" data-id=\"dd177fe\" data-element_type=\"widget\" data-widget_type=\"image.default\">\n\t\t\t\t<div class=\"elementor-widget-container\">\n\t\t\t\t\t\t\t\t\t\t\t\t\t\t\t<img fetchpriority=\"high\" decoding=\"async\" width=\"1500\" height=\"846\" src=\"https:\/\/backup.travelairs.de\/wp-content\/uploads\/2024\/11\/2.png\" class=\"attachment-full size-full wp-image-2679\" alt=\"\" srcset=\"https:\/\/backup.travelairs.de\/wp-content\/uploads\/2024\/11\/2.png 1500w, https:\/\/backup.travelairs.de\/wp-content\/uploads\/2024\/11\/2-300x169.png 300w, https:\/\/backup.travelairs.de\/wp-content\/uploads\/2024\/11\/2-1024x578.png 1024w, https:\/\/backup.travelairs.de\/wp-content\/uploads\/2024\/11\/2-768x433.png 768w, https:\/\/backup.travelairs.de\/wp-content\/uploads\/2024\/11\/2-18x10.png 18w, https:\/\/backup.travelairs.de\/wp-content\/uploads\/2024\/11\/2-60x34.png 60w, https:\/\/backup.travelairs.de\/wp-content\/uploads\/2024\/11\/2-980x553.png 980w, https:\/\/backup.travelairs.de\/wp-content\/uploads\/2024\/11\/2-700x395.png 700w\" sizes=\"(max-width: 1500px) 100vw, 1500px\" \/>\t\t\t\t\t\t\t\t\t\t\t\t\t\t\t<\/div>\n\t\t\t\t<\/div>\n\t\t\t\t\t<\/div>\n\t\t<\/div>\n\t\t\t\t\t<\/div>\n\t\t<\/section>\n\t\t\t\t<section class=\"elementor-section elementor-top-section elementor-element elementor-element-42006d6 elementor-section-boxed elementor-section-height-default elementor-section-height-default wpr-particle-no wpr-jarallax-no wpr-parallax-no wpr-sticky-section-no\" data-id=\"42006d6\" data-element_type=\"section\">\n\t\t\t\t\t\t<div class=\"elementor-container elementor-column-gap-default\">\n\t\t\t\t\t<div class=\"elementor-column elementor-col-100 elementor-top-column elementor-element elementor-element-40da756\" data-id=\"40da756\" data-element_type=\"column\">\n\t\t\t<div class=\"elementor-widget-wrap elementor-element-populated\">\n\t\t\t\t\t\t\t<\/div>\n\t\t<\/div>\n\t\t\t\t\t<\/div>\n\t\t<\/section>\n\t\t\t\t<section class=\"elementor-section elementor-top-section elementor-element elementor-element-34c1ed4 elementor-section-boxed elementor-section-height-default elementor-section-height-default wpr-particle-no wpr-jarallax-no wpr-parallax-no wpr-sticky-section-no\" data-id=\"34c1ed4\" data-element_type=\"section\">\n\t\t\t\t\t\t<div class=\"elementor-container elementor-column-gap-default\">\n\t\t\t\t\t<div class=\"elementor-column elementor-col-100 elementor-top-column elementor-element elementor-element-589e5c8\" data-id=\"589e5c8\" data-element_type=\"column\">\n\t\t\t<div class=\"elementor-widget-wrap elementor-element-populated\">\n\t\t\t\t\t\t<div class=\"elementor-element elementor-element-303ba58 elementor-widget elementor-widget-text-editor\" data-id=\"303ba58\" data-element_type=\"widget\" data-widget_type=\"text-editor.default\">\n\t\t\t\t<div class=\"elementor-widget-container\">\n\t\t\t\t\t\t\t\t\t<p><strong>TravelAirs-Teilnehmer erhalten einen Rabatt von 10% auf den Paketpreis von Fly2Troy.<\/strong><\/p>\t\t\t\t\t\t\t\t<\/div>\n\t\t\t\t<\/div>\n\t\t\t\t\t<\/div>\n\t\t<\/div>\n\t\t\t\t\t<\/div>\n\t\t<\/section>\n\t\t\t\t<section class=\"elementor-section elementor-top-section elementor-element elementor-element-8bdedeb elementor-section-boxed elementor-section-height-default elementor-section-height-default wpr-particle-no wpr-jarallax-no wpr-parallax-no wpr-sticky-section-no\" data-id=\"8bdedeb\" data-element_type=\"section\" data-settings=\"{&quot;background_background&quot;:&quot;classic&quot;}\">\n\t\t\t\t\t\t<div class=\"elementor-container elementor-column-gap-default\">\n\t\t\t\t\t<div class=\"elementor-column elementor-col-50 elementor-top-column elementor-element elementor-element-a6fb6de\" data-id=\"a6fb6de\" data-element_type=\"column\">\n\t\t\t<div class=\"elementor-widget-wrap elementor-element-populated\">\n\t\t\t\t\t\t<div class=\"elementor-element elementor-element-9691ac1 elementor-align-center elementor-widget__width-initial elementor-widget elementor-widget-button\" data-id=\"9691ac1\" data-element_type=\"widget\" data-widget_type=\"button.default\">\n\t\t\t\t<div class=\"elementor-widget-container\">\n\t\t\t\t\t\t\t\t\t<div class=\"elementor-button-wrapper\">\n\t\t\t\t\t<a class=\"elementor-button elementor-button-link elementor-size-sm\" href=\"https:\/\/www.fly2troy.com\/application-form\" target=\"_blank\">\n\t\t\t\t\t\t<span class=\"elementor-button-content-wrapper\">\n\t\t\t\t\t\t\t\t\t<span class=\"elementor-button-text\">Zum Bewerbungsformular<\/span>\n\t\t\t\t\t<\/span>\n\t\t\t\t\t<\/a>\n\t\t\t\t<\/div>\n\t\t\t\t\t\t\t\t<\/div>\n\t\t\t\t<\/div>\n\t\t\t\t\t<\/div>\n\t\t<\/div>\n\t\t\t\t<div class=\"elementor-column elementor-col-50 elementor-top-column elementor-element elementor-element-0b7e028\" data-id=\"0b7e028\" data-element_type=\"column\">\n\t\t\t<div class=\"elementor-widget-wrap elementor-element-populated\">\n\t\t\t\t\t\t<div class=\"elementor-element elementor-element-e84ecff elementor-align-center elementor-widget__width-initial elementor-widget elementor-widget-button\" data-id=\"e84ecff\" data-element_type=\"widget\" data-widget_type=\"button.default\">\n\t\t\t\t<div class=\"elementor-widget-container\">\n\t\t\t\t\t\t\t\t\t<div class=\"elementor-button-wrapper\">\n\t\t\t\t\t<a class=\"elementor-button elementor-button-link elementor-size-sm\" href=\"https:\/\/www.fly2troy.com\/\" target=\"_blank\">\n\t\t\t\t\t\t<span class=\"elementor-button-content-wrapper\">\n\t\t\t\t\t\t\t\t\t<span class=\"elementor-button-text\">Zur Webseite<\/span>\n\t\t\t\t\t<\/span>\n\t\t\t\t\t<\/a>\n\t\t\t\t<\/div>\n\t\t\t\t\t\t\t\t<\/div>\n\t\t\t\t<\/div>\n\t\t\t\t\t<\/div>\n\t\t<\/div>\n\t\t\t\t\t<\/div>\n\t\t<\/section>\n\t\t\t\t<\/div>","protected":false},"excerpt":{"rendered":"<p>Fly2Troy \u2013 Unvergessliche Flugabenteuer f\u00fcr Privatpiloten \u00a0Fly2Troy organisiert au\u00dfergew\u00f6hnliche Gruppenflugreisen f\u00fcr Sport- und Hobbypiloten, die neue Horizonte erkunden m\u00f6chten. In gef\u00fchrten Formationsfl\u00fcgen entdecken die Teilnehmer atemberaubende Landschaften, historische St\u00e4tten und&#8230;<\/p>","protected":false},"author":1,"featured_media":0,"parent":0,"menu_order":0,"comment_status":"closed","ping_status":"closed","template":"","meta":{"pgc_sgb_lightbox_settings":"","footnotes":""},"class_list":["post-2676","page","type-page","status-publish","hentry"],"aioseo_notices":[],"_hostinger_reach_plugin_has_subscription_block":false,"_hostinger_reach_plugin_is_elementor":false,"_links":{"self":[{"href":"https:\/\/backup.travelairs.de\/en\/wp-json\/wp\/v2\/pages\/2676","targetHints":{"allow":["GET"]}}],"collection":[{"href":"https:\/\/backup.travelairs.de\/en\/wp-json\/wp\/v2\/pages"}],"about":[{"href":"https:\/\/backup.travelairs.de\/en\/wp-json\/wp\/v2\/types\/page"}],"author":[{"embeddable":true,"href":"https:\/\/backup.travelairs.de\/en\/wp-json\/wp\/v2\/users\/1"}],"replies":[{"embeddable":true,"href":"https:\/\/backup.travelairs.de\/en\/wp-json\/wp\/v2\/comments?post=2676"}],"version-history":[{"count":67,"href":"https:\/\/backup.travelairs.de\/en\/wp-json\/wp\/v2\/pages\/2676\/revisions"}],"predecessor-version":[{"id":2933,"href":"https:\/\/backup.travelairs.de\/en\/wp-json\/wp\/v2\/pages\/2676\/revisions\/2933"}],"wp:attachment":[{"href":"https:\/\/backup.travelairs.de\/en\/wp-json\/wp\/v2\/media?parent=2676"}],"curies":[{"name":"wp","href":"https:\/\/api.w.org\/{rel}","templated":true}]}}