{"id":638,"date":"2023-07-31T15:33:34","date_gmt":"2023-07-31T13:33:34","guid":{"rendered":"https:\/\/travelairs.de\/?page_id=638"},"modified":"2025-03-14T11:33:52","modified_gmt":"2025-03-14T10:33:52","slug":"unsere-philiosophie","status":"publish","type":"page","link":"https:\/\/backup.travelairs.de\/en\/unsere-philiosophie\/","title":{"rendered":"Philosophie"},"content":{"rendered":"<div data-elementor-type=\"wp-page\" data-elementor-id=\"638\" class=\"elementor elementor-638\">\n\t\t\t\t\t\t<section class=\"elementor-section elementor-top-section elementor-element elementor-element-5ee320d5 elementor-section-boxed elementor-section-height-default elementor-section-height-default wpr-particle-no wpr-jarallax-no wpr-parallax-no wpr-sticky-section-no\" data-id=\"5ee320d5\" data-element_type=\"section\">\n\t\t\t\t\t\t<div class=\"elementor-container elementor-column-gap-default\">\n\t\t\t\t\t<div class=\"elementor-column elementor-col-100 elementor-top-column elementor-element elementor-element-5d1413ae\" data-id=\"5d1413ae\" data-element_type=\"column\">\n\t\t\t<div class=\"elementor-widget-wrap elementor-element-populated\">\n\t\t\t\t\t\t<div class=\"elementor-element elementor-element-30918d9 elementor-widget elementor-widget-image\" data-id=\"30918d9\" data-element_type=\"widget\" data-widget_type=\"image.default\">\n\t\t\t\t<div class=\"elementor-widget-container\">\n\t\t\t\t\t\t\t\t\t\t\t\t\t\t\t<img fetchpriority=\"high\" decoding=\"async\" width=\"592\" height=\"333\" src=\"https:\/\/backup.travelairs.de\/wp-content\/uploads\/2024\/09\/travelairs-philosophie.jpg\" class=\"attachment-large size-large wp-image-2175\" alt=\"\" srcset=\"https:\/\/backup.travelairs.de\/wp-content\/uploads\/2024\/09\/travelairs-philosophie.jpg 1000w, https:\/\/backup.travelairs.de\/wp-content\/uploads\/2024\/09\/travelairs-philosophie-300x169.jpg 300w, https:\/\/backup.travelairs.de\/wp-content\/uploads\/2024\/09\/travelairs-philosophie-768x432.jpg 768w, https:\/\/backup.travelairs.de\/wp-content\/uploads\/2024\/09\/travelairs-philosophie-60x34.jpg 60w, https:\/\/backup.travelairs.de\/wp-content\/uploads\/2024\/09\/travelairs-philosophie-980x551.jpg 980w, https:\/\/backup.travelairs.de\/wp-content\/uploads\/2024\/09\/travelairs-philosophie-700x393.jpg 700w\" sizes=\"(max-width: 592px) 100vw, 592px\" \/>\t\t\t\t\t\t\t\t\t\t\t\t\t\t\t<\/div>\n\t\t\t\t<\/div>\n\t\t\t\t<div class=\"elementor-element elementor-element-5abe7b3 elementor-widget elementor-widget-heading\" data-id=\"5abe7b3\" data-element_type=\"widget\" data-widget_type=\"heading.default\">\n\t\t\t\t<div class=\"elementor-widget-container\">\n\t\t\t\t\t<h2 class=\"elementor-heading-title elementor-size-default\">Unsere Philosophie<\/h2>\t\t\t\t<\/div>\n\t\t\t\t<\/div>\n\t\t\t\t<div class=\"elementor-element elementor-element-820b007 elementor-widget elementor-widget-text-editor\" data-id=\"820b007\" data-element_type=\"widget\" data-widget_type=\"text-editor.default\">\n\t\t\t\t<div class=\"elementor-widget-container\">\n\t\t\t\t\t\t\t\t\t<p><strong>&#8222;To be absolutely alone for the first time in the cockpit of a plane hundreds of feet above the ground is an experience never to be forgotten&#8220;.<\/strong> <br \/><em>Charles Lindbergh<\/em><\/p><p data-start=\"0\" data-end=\"371\">Das Gef\u00fchl des Fliegens als Pilot ist ein unbeschreiblicher Zauber. In deinem Cockpit, hoch \u00fcber den Wolken, sp\u00fcrst du die Freiheit und Leichtigkeit, die nur derjenige erleben kann, der die Kontrolle \u00fcber das Flugzeug in seinen H\u00e4nden h\u00e4lt. Es ist, als w\u00fcrdest du selbst zum Vogel, der sich m\u00fchelos durch den Himmel bewegt, w\u00e4hrend die Welt unter dir immer kleiner wird.<\/p><p data-start=\"373\" data-end=\"873\">Dort, wo die Schwerkraft ihren Einfluss verliert, entsteht eine Verbindung zu einer anderen Dimension. Der L\u00e4rm des Alltags verblasst, und du sp\u00fcrst eine unvergleichliche Leichtigkeit, die nur der erfahren kann, der die Erde hinter sich l\u00e4sst, um in die L\u00fcfte aufzusteigen. Es ist nicht nur das Fliegen, es ist das Gef\u00fchl, die Freiheit zu beherrschen, den Horizont aus einer ganz neuen Perspektive zu betrachten \u2013 den Traum, den Himmel zu erobern und die Welt aus der Sicht eines Piloten zu erleben.<\/p><p data-start=\"875\" data-end=\"1056\" data-is-last-node=\"\" data-is-only-node=\"\">Fliegen ist mehr als nur Fortbewegung \u2013 es ist das Streben nach den Wolken, der Wunsch, immer weiter zu fliegen, die unendliche Weite zu ergr\u00fcnden und dem Ruf des Himmels zu folgen.<\/p><p data-start=\"75\" data-end=\"696\"><strong data-start=\"75\" data-end=\"112\">TravelAirs \u2013 Your.Pilot.Adventure<\/strong> ist eine Agentur f\u00fcr alle, die auch dem Traum vom Fliegen verfallen sind. Als Piloten und Fluglehrer wissen wir, dass die ersten Reisen ins Ausland ein mulmiges Gef\u00fchl im Bauch ausl\u00f6sen. Auch ist der organisatorische Aufwand nicht zu untersch\u00e4tzen, und er h\u00e4lt leider Piloten viel zu oft davon ab, diesen Traum zu leben. Selbst wenn die Erfahrung und das Know-how vorhanden ist: Das gemeinsame Reisen in einer Gruppe zu neuen Zielen, der Austausch unter Gleichgesinnten, das Fachsimpeln, das gemeinsame Bier am Abend in der Gruppe \u2013 erst das rundet ein solches Erlebnis richtig ab.<\/p><p data-start=\"698\" data-end=\"1194\">Dabei legen wir besonderen Wert auf authentische Erlebnisse. Wir verzichten bewusst auf 5-Sterne-Hotels und Champagner-Empf\u00e4nge. Stattdessen w\u00e4hlen wir charmante, kleine Unterk\u00fcnfte in der Altstadt, am Hafen oder direkt am Strand \u2013 Orte mit Charakter und Atmosph\u00e4re. Unser Preis-Leistungs-Verh\u00e4ltnis unterscheidet sich deutlich von dem der Konkurrenz, denn bei uns geht es nicht um Luxus, sondern um echte, unvergessliche Abenteuer. Genau hier hebt sich <strong data-start=\"1152\" data-end=\"1166\">TravelAirs<\/strong> von anderen Anbietern ab.<\/p><p><strong><em>Daf\u00fcr sind wir da! Your.Pilot.Adventure \u2013 worauf wartest Du noch?<\/em><\/strong><\/p>\t\t\t\t\t\t\t\t<\/div>\n\t\t\t\t<\/div>\n\t\t\t\t\t<\/div>\n\t\t<\/div>\n\t\t\t\t\t<\/div>\n\t\t<\/section>\n\t\t\t\t<\/div>","protected":false},"excerpt":{"rendered":"<p>Unsere Philosophie &#8222;To be absolutely alone for the first time in the cockpit of a plane hundreds of feet above the ground is an experience never to be forgotten&#8220;. Charles&#8230;<\/p>","protected":false},"author":1,"featured_media":0,"parent":0,"menu_order":0,"comment_status":"closed","ping_status":"closed","template":"","meta":{"pgc_sgb_lightbox_settings":"","footnotes":""},"class_list":["post-638","page","type-page","status-publish","hentry"],"aioseo_notices":[],"_hostinger_reach_plugin_has_subscription_block":false,"_hostinger_reach_plugin_is_elementor":false,"_links":{"self":[{"href":"https:\/\/backup.travelairs.de\/en\/wp-json\/wp\/v2\/pages\/638","targetHints":{"allow":["GET"]}}],"collection":[{"href":"https:\/\/backup.travelairs.de\/en\/wp-json\/wp\/v2\/pages"}],"about":[{"href":"https:\/\/backup.travelairs.de\/en\/wp-json\/wp\/v2\/types\/page"}],"author":[{"embeddable":true,"href":"https:\/\/backup.travelairs.de\/en\/wp-json\/wp\/v2\/users\/1"}],"replies":[{"embeddable":true,"href":"https:\/\/backup.travelairs.de\/en\/wp-json\/wp\/v2\/comments?post=638"}],"version-history":[{"count":51,"href":"https:\/\/backup.travelairs.de\/en\/wp-json\/wp\/v2\/pages\/638\/revisions"}],"predecessor-version":[{"id":2945,"href":"https:\/\/backup.travelairs.de\/en\/wp-json\/wp\/v2\/pages\/638\/revisions\/2945"}],"wp:attachment":[{"href":"https:\/\/backup.travelairs.de\/en\/wp-json\/wp\/v2\/media?parent=638"}],"curies":[{"name":"wp","href":"https:\/\/api.w.org\/{rel}","templated":true}]}}